{"id":106,"date":"2023-03-20T10:28:15","date_gmt":"2023-03-20T10:28:15","guid":{"rendered":"https:\/\/www.flexiblefleetstrategies.com\/?page_id=106"},"modified":"2025-05-19T16:45:17","modified_gmt":"2025-05-19T16:45:17","slug":"tima-trailer-maintenance-management-app","status":"publish","type":"page","link":"https:\/\/www.flexiblefleetstrategies.com\/pt\/tima-trailer-maintenance-management-app\/","title":{"rendered":"Aplicativo Tima de Gerenciamento de Manuten\u00e7\u00e3o de Reboques"},"content":{"rendered":"<div data-elementor-type=\"wp-page\" data-elementor-id=\"106\" class=\"elementor elementor-106\" data-elementor-post-type=\"page\">\n\t\t\t\t\t\t<section class=\"elementor-section elementor-top-section elementor-element elementor-element-7d49e2e elementor-section-boxed elementor-section-height-default elementor-section-height-default\" data-id=\"7d49e2e\" data-element_type=\"section\" data-e-type=\"section\" data-settings=\"{&quot;background_background&quot;:&quot;classic&quot;}\">\n\t\t\t\t\t\t<div class=\"elementor-container elementor-column-gap-default\">\n\t\t\t\t\t<div class=\"elementor-column elementor-col-100 elementor-top-column elementor-element elementor-element-a963429\" data-id=\"a963429\" data-element_type=\"column\" data-e-type=\"column\">\n\t\t\t<div class=\"elementor-widget-wrap elementor-element-populated\">\n\t\t\t\t\t\t<div class=\"elementor-element elementor-element-f6d5ec4 elementor-widget elementor-widget-heading\" data-id=\"f6d5ec4\" data-element_type=\"widget\" data-e-type=\"widget\" data-widget_type=\"heading.default\">\n\t\t\t\t<div class=\"elementor-widget-container\">\n\t\t\t\t\t<h2 class=\"elementor-heading-title elementor-size-default\">Revolucione a Gest\u00e3o de Frotas com a Precis\u00e3o Sem Papel do TIMA\n<\/h2>\t\t\t\t<\/div>\n\t\t\t\t<\/div>\n\t\t\t\t<div class=\"elementor-element elementor-element-98cbe38 elementor-widget-divider--view-line elementor-widget elementor-widget-divider\" data-id=\"98cbe38\" data-element_type=\"widget\" data-e-type=\"widget\" data-widget_type=\"divider.default\">\n\t\t\t\t<div class=\"elementor-widget-container\">\n\t\t\t\t\t\t\t<div class=\"elementor-divider\">\n\t\t\t<span class=\"elementor-divider-separator\">\n\t\t\t\t\t\t<\/span>\n\t\t<\/div>\n\t\t\t\t\t\t<\/div>\n\t\t\t\t<\/div>\n\t\t\t\t<div class=\"elementor-element elementor-element-3da138a elementor-widget elementor-widget-text-editor\" data-id=\"3da138a\" data-element_type=\"widget\" data-e-type=\"widget\" data-widget_type=\"text-editor.default\">\n\t\t\t\t<div class=\"elementor-widget-container\">\n\t\t\t\t\t\t\t\t\t<p>Enter the new era of fleet management with TIMA by Flexible Fleet Strategies, where real-time data and paperless efficiency redefine what&#8217;s possible. Operating across South Africa, Thailand, and Brazil, TIMA is your key to unlocking seamless operations, unwavering safety, and strict compliance, all through a transformative digital experience.<\/p>\t\t\t\t\t\t\t\t<\/div>\n\t\t\t\t<\/div>\n\t\t\t\t\t<\/div>\n\t\t<\/div>\n\t\t\t\t\t<\/div>\n\t\t<\/section>\n\t\t\t\t<section class=\"elementor-section elementor-top-section elementor-element elementor-element-a289b4c elementor-section-boxed elementor-section-height-default elementor-section-height-default\" data-id=\"a289b4c\" data-element_type=\"section\" data-e-type=\"section\">\n\t\t\t\t\t\t<div class=\"elementor-container elementor-column-gap-default\">\n\t\t\t\t\t<div class=\"elementor-column elementor-col-50 elementor-top-column elementor-element elementor-element-ca9017d\" data-id=\"ca9017d\" data-element_type=\"column\" data-e-type=\"column\">\n\t\t\t<div class=\"elementor-widget-wrap elementor-element-populated\">\n\t\t\t\t\t\t<div class=\"elementor-element elementor-element-70ac183 elementor-widget elementor-widget-heading\" data-id=\"70ac183\" data-element_type=\"widget\" data-e-type=\"widget\" data-widget_type=\"heading.default\">\n\t\t\t\t<div class=\"elementor-widget-container\">\n\t\t\t\t\t<h1 class=\"elementor-heading-title elementor-size-default\">A Vantagem do TIMA<\/h1>\t\t\t\t<\/div>\n\t\t\t\t<\/div>\n\t\t\t\t<div class=\"elementor-element elementor-element-a985e5a elementor-widget elementor-widget-text-editor\" data-id=\"a985e5a\" data-element_type=\"widget\" data-e-type=\"widget\" data-widget_type=\"text-editor.default\">\n\t\t\t\t<div class=\"elementor-widget-container\">\n\t\t\t\t\t\t\t\t\t<p>No mundo acelerado do transporte, a velocidade da informa\u00e7\u00e3o \u00e9 vital. O TIMA garante que voc\u00ea esteja sempre um passo \u00e0 frente com dados ao vivo que s\u00e3o precisos e \u00e0 prova de auditoria, possibilitando decis\u00f5es r\u00e1pidas e informadas.<\/p><p>Liberte-se das limita\u00e7\u00f5es baseadas em papel e abrace um fluxo de trabalho digital que \u00e9 t\u00e3o bom para o planeta quanto \u00e9 para a sua produtividade.<\/p><p>O cart\u00e3o de trabalho digital do TIMA n\u00e3o \u00e9 apenas inovador \u2014 \u00e9 infal\u00edvel. Alcance e mantenha altos padr\u00f5es de conformidade com um sistema projetado para documentar cada verifica\u00e7\u00e3o e balan\u00e7o meticulosamente.<\/p>\t\t\t\t\t\t\t\t<\/div>\n\t\t\t\t<\/div>\n\t\t\t\t<div class=\"elementor-element elementor-element-172db0d animated-slow elementor-invisible elementor-widget elementor-widget-button\" data-id=\"172db0d\" data-element_type=\"widget\" data-e-type=\"widget\" data-settings=\"{&quot;_animation&quot;:&quot;fadeInLeft&quot;}\" data-widget_type=\"button.default\">\n\t\t\t\t<div class=\"elementor-widget-container\">\n\t\t\t\t\t\t\t\t\t<div class=\"elementor-button-wrapper\">\n\t\t\t\t\t<a class=\"elementor-button elementor-button-link elementor-size-sm\" href=\"https:\/\/www.flexiblefleetstrategies.com\/pt\/contact\/\">\n\t\t\t\t\t\t<span class=\"elementor-button-content-wrapper\">\n\t\t\t\t\t\t\t\t\t<span class=\"elementor-button-text\">Fa\u00e7a o Upgrade para o TIMA Hoje<\/span>\n\t\t\t\t\t<\/span>\n\t\t\t\t\t<\/a>\n\t\t\t\t<\/div>\n\t\t\t\t\t\t\t\t<\/div>\n\t\t\t\t<\/div>\n\t\t\t\t\t<\/div>\n\t\t<\/div>\n\t\t\t\t<div class=\"elementor-column elementor-col-50 elementor-top-column elementor-element elementor-element-afae67b\" data-id=\"afae67b\" data-element_type=\"column\" data-e-type=\"column\">\n\t\t\t<div class=\"elementor-widget-wrap elementor-element-populated\">\n\t\t\t\t\t\t<section class=\"elementor-section elementor-inner-section elementor-element elementor-element-3798eff elementor-section-boxed elementor-section-height-default elementor-section-height-default\" data-id=\"3798eff\" data-element_type=\"section\" data-e-type=\"section\">\n\t\t\t\t\t\t<div class=\"elementor-container elementor-column-gap-default\">\n\t\t\t\t\t<div class=\"elementor-column elementor-col-33 elementor-inner-column elementor-element elementor-element-1acf8f0\" data-id=\"1acf8f0\" data-element_type=\"column\" data-e-type=\"column\">\n\t\t\t<div class=\"elementor-widget-wrap elementor-element-populated\">\n\t\t\t\t\t\t<div class=\"elementor-element elementor-element-713f767 elementor-widget elementor-widget-image\" data-id=\"713f767\" data-element_type=\"widget\" data-e-type=\"widget\" data-widget_type=\"image.default\">\n\t\t\t\t<div class=\"elementor-widget-container\">\n\t\t\t\t\t\t\t\t\t\t\t\t\t\t\t<img fetchpriority=\"high\" decoding=\"async\" width=\"800\" height=\"461\" src=\"https:\/\/www.flexiblefleetstrategies.com\/wp-content\/uploads\/2023\/03\/Mobile-App-Edited.png\" class=\"attachment-large size-large wp-image-113\" alt=\"\" srcset=\"https:\/\/www.flexiblefleetstrategies.com\/wp-content\/uploads\/2023\/03\/Mobile-App-Edited.png 985w, https:\/\/www.flexiblefleetstrategies.com\/wp-content\/uploads\/2023\/03\/Mobile-App-Edited-300x173.png 300w, https:\/\/www.flexiblefleetstrategies.com\/wp-content\/uploads\/2023\/03\/Mobile-App-Edited-768x442.png 768w\" sizes=\"(max-width: 800px) 100vw, 800px\" \/>\t\t\t\t\t\t\t\t\t\t\t\t\t\t\t<\/div>\n\t\t\t\t<\/div>\n\t\t\t\t\t<\/div>\n\t\t<\/div>\n\t\t\t\t<div class=\"elementor-column elementor-col-33 elementor-inner-column elementor-element elementor-element-a55d251\" data-id=\"a55d251\" data-element_type=\"column\" data-e-type=\"column\">\n\t\t\t<div class=\"elementor-widget-wrap elementor-element-populated\">\n\t\t\t\t\t\t<div class=\"elementor-element elementor-element-8843e85 elementor-widget elementor-widget-spacer\" data-id=\"8843e85\" data-element_type=\"widget\" data-e-type=\"widget\" data-widget_type=\"spacer.default\">\n\t\t\t\t<div class=\"elementor-widget-container\">\n\t\t\t\t\t\t\t<div class=\"elementor-spacer\">\n\t\t\t<div class=\"elementor-spacer-inner\"><\/div>\n\t\t<\/div>\n\t\t\t\t\t\t<\/div>\n\t\t\t\t<\/div>\n\t\t\t\t<div class=\"elementor-element elementor-element-bda2f22 elementor-widget elementor-widget-spacer\" data-id=\"bda2f22\" data-element_type=\"widget\" data-e-type=\"widget\" data-widget_type=\"spacer.default\">\n\t\t\t\t<div class=\"elementor-widget-container\">\n\t\t\t\t\t\t\t<div class=\"elementor-spacer\">\n\t\t\t<div class=\"elementor-spacer-inner\"><\/div>\n\t\t<\/div>\n\t\t\t\t\t\t<\/div>\n\t\t\t\t<\/div>\n\t\t\t\t\t<\/div>\n\t\t<\/div>\n\t\t\t\t<div class=\"elementor-column elementor-col-33 elementor-inner-column elementor-element elementor-element-e52b1af\" data-id=\"e52b1af\" data-element_type=\"column\" data-e-type=\"column\">\n\t\t\t<div class=\"elementor-widget-wrap elementor-element-populated\">\n\t\t\t\t\t\t<div class=\"elementor-element elementor-element-75d681f elementor-widget elementor-widget-spacer\" data-id=\"75d681f\" data-element_type=\"widget\" data-e-type=\"widget\" data-widget_type=\"spacer.default\">\n\t\t\t\t<div class=\"elementor-widget-container\">\n\t\t\t\t\t\t\t<div class=\"elementor-spacer\">\n\t\t\t<div class=\"elementor-spacer-inner\"><\/div>\n\t\t<\/div>\n\t\t\t\t\t\t<\/div>\n\t\t\t\t<\/div>\n\t\t\t\t\t<\/div>\n\t\t<\/div>\n\t\t\t\t\t<\/div>\n\t\t<\/section>\n\t\t\t\t\t<\/div>\n\t\t<\/div>\n\t\t\t\t\t<\/div>\n\t\t<\/section>\n\t\t\t\t<section class=\"elementor-section elementor-top-section elementor-element elementor-element-b0bc8ea elementor-section-boxed elementor-section-height-default elementor-section-height-default\" data-id=\"b0bc8ea\" data-element_type=\"section\" data-e-type=\"section\">\n\t\t\t\t\t\t<div class=\"elementor-container elementor-column-gap-default\">\n\t\t\t\t\t<div class=\"elementor-column elementor-col-50 elementor-top-column elementor-element elementor-element-7925e4b\" data-id=\"7925e4b\" data-element_type=\"column\" data-e-type=\"column\" data-settings=\"{&quot;background_background&quot;:&quot;classic&quot;}\">\n\t\t\t<div class=\"elementor-widget-wrap elementor-element-populated\">\n\t\t\t\t\t\t<div class=\"elementor-element elementor-element-a0473ed elementor-widget elementor-widget-heading\" data-id=\"a0473ed\" data-element_type=\"widget\" data-e-type=\"widget\" data-widget_type=\"heading.default\">\n\t\t\t\t<div class=\"elementor-widget-container\">\n\t\t\t\t\t<h2 class=\"elementor-heading-title elementor-size-default\">Recursos Principais<\/h2>\t\t\t\t<\/div>\n\t\t\t\t<\/div>\n\t\t\t\t<div class=\"elementor-element elementor-element-90cae49 elementor-widget elementor-widget-text-editor\" data-id=\"90cae49\" data-element_type=\"widget\" data-e-type=\"widget\" data-widget_type=\"text-editor.default\">\n\t\t\t\t<div class=\"elementor-widget-container\">\n\t\t\t\t\t\t\t\t\t<p>Experimente o cerne do TIMA \u2014 um sistema que revoluciona as verifica\u00e7\u00f5es de rotina e o agendamento de manuten\u00e7\u00e3o, transformando tarefas em um fluxo digital cont\u00ednuo, completo com atualiza\u00e7\u00f5es em tempo real e imagens.<br \/>Com o painel de an\u00e1lise inteligente do TIMA, supervisione as m\u00e9tricas de desempenho da sua frota, acompanhe as a\u00e7\u00f5es de manuten\u00e7\u00e3o e mantenha-se informado com insights acion\u00e1veis.<br \/>Aproveite os alertas proativos do TIMA para se antecipar \u00e0s necessidades de manuten\u00e7\u00e3o, reduzindo o tempo de inatividade e prolongando a vida \u00fatil dos ve\u00edculos, tudo gerenciado com o conforto da sua mesa.<\/p>\t\t\t\t\t\t\t\t<\/div>\n\t\t\t\t<\/div>\n\t\t\t\t\t<\/div>\n\t\t<\/div>\n\t\t\t\t<div class=\"elementor-column elementor-col-50 elementor-top-column elementor-element elementor-element-1141b44\" data-id=\"1141b44\" data-element_type=\"column\" data-e-type=\"column\" data-settings=\"{&quot;background_background&quot;:&quot;classic&quot;}\">\n\t\t\t<div class=\"elementor-widget-wrap elementor-element-populated\">\n\t\t\t\t\t\t<div class=\"elementor-element elementor-element-ed2e86d elementor-widget elementor-widget-heading\" data-id=\"ed2e86d\" data-element_type=\"widget\" data-e-type=\"widget\" data-widget_type=\"heading.default\">\n\t\t\t\t<div class=\"elementor-widget-container\">\n\t\t\t\t\t<h2 class=\"elementor-heading-title elementor-size-default\">Training &amp; Empowerment<\/h2>\t\t\t\t<\/div>\n\t\t\t\t<\/div>\n\t\t\t\t<div class=\"elementor-element elementor-element-49dfd96 elementor-widget elementor-widget-text-editor\" data-id=\"49dfd96\" data-element_type=\"widget\" data-e-type=\"widget\" data-widget_type=\"text-editor.default\">\n\t\t\t\t<div class=\"elementor-widget-container\">\n\t\t\t\t\t\t\t\t\tA tecnologia do TIMA \u00e9 igualada pelo nosso compromisso em capacitar sua equipe. Com treinamento sob medida que incute um profundo entendimento dos sistemas de frota sofisticados e requisitos de conformidade, sua equipe gerenciar\u00e1 sua frota com efici\u00eancia sem precedentes.\n\t\t\t\t\t\t\t\t<\/div>\n\t\t\t\t<\/div>\n\t\t\t\t\t<\/div>\n\t\t<\/div>\n\t\t\t\t\t<\/div>\n\t\t<\/section>\n\t\t\t\t<section class=\"elementor-section elementor-top-section elementor-element elementor-element-5628eb7 elementor-section-boxed elementor-section-height-default elementor-section-height-default\" data-id=\"5628eb7\" data-element_type=\"section\" data-e-type=\"section\">\n\t\t\t\t\t\t<div class=\"elementor-container elementor-column-gap-default\">\n\t\t\t\t\t<div class=\"elementor-column elementor-col-100 elementor-top-column elementor-element elementor-element-97c54ba\" data-id=\"97c54ba\" data-element_type=\"column\" data-e-type=\"column\">\n\t\t\t<div class=\"elementor-widget-wrap elementor-element-populated\">\n\t\t\t\t\t\t<div class=\"elementor-element elementor-element-61e9334 elementor-widget elementor-widget-heading\" data-id=\"61e9334\" data-element_type=\"widget\" data-e-type=\"widget\" data-widget_type=\"heading.default\">\n\t\t\t\t<div class=\"elementor-widget-container\">\n\t\t\t\t\t<h2 class=\"elementor-heading-title elementor-size-default\">Comece com o TIMA<\/h2>\t\t\t\t<\/div>\n\t\t\t\t<\/div>\n\t\t\t\t<div class=\"elementor-element elementor-element-f5dde40 elementor-widget elementor-widget-text-editor\" data-id=\"f5dde40\" data-element_type=\"widget\" data-e-type=\"widget\" data-widget_type=\"text-editor.default\">\n\t\t\t\t<div class=\"elementor-widget-container\">\n\t\t\t\t\t\t\t\t\tA transi\u00e7\u00e3o para o TIMA \u00e9 sem esfor\u00e7o. Nossa equipe garante uma integra\u00e7\u00e3o suave com seus sistemas existentes, apoiada por treinamento abrangente.\nSua gest\u00e3o de frota continuar\u00e1 a evoluir com o TIMA, respaldada por atualiza\u00e7\u00f5es constantes e suporte dedicado que o mant\u00e9m \u00e0 frente da curva.\n\t\t\t\t\t\t\t\t<\/div>\n\t\t\t\t<\/div>\n\t\t\t\t<div class=\"elementor-element elementor-element-7f6d724 animated-slow elementor-invisible elementor-widget elementor-widget-button\" data-id=\"7f6d724\" data-element_type=\"widget\" data-e-type=\"widget\" data-settings=\"{&quot;_animation&quot;:&quot;fadeInLeft&quot;}\" data-widget_type=\"button.default\">\n\t\t\t\t<div class=\"elementor-widget-container\">\n\t\t\t\t\t\t\t\t\t<div class=\"elementor-button-wrapper\">\n\t\t\t\t\t<a class=\"elementor-button elementor-button-link elementor-size-sm\" href=\"https:\/\/www.flexiblefleetstrategies.com\/pt\/contact\/\">\n\t\t\t\t\t\t<span class=\"elementor-button-content-wrapper\">\n\t\t\t\t\t\t\t\t\t<span class=\"elementor-button-text\">Fa\u00e7a o Upgrade para o TIMA Hoje<\/span>\n\t\t\t\t\t<\/span>\n\t\t\t\t\t<\/a>\n\t\t\t\t<\/div>\n\t\t\t\t\t\t\t\t<\/div>\n\t\t\t\t<\/div>\n\t\t\t\t<div class=\"elementor-element elementor-element-87b1b05 gallery-spacing-custom elementor-widget elementor-widget-image-gallery\" data-id=\"87b1b05\" data-element_type=\"widget\" data-e-type=\"widget\" data-widget_type=\"image-gallery.default\">\n\t\t\t\t<div class=\"elementor-widget-container\">\n\t\t\t\t\t\t\t<div class=\"elementor-image-gallery\">\n\t\t\t<div id='gallery-1' class='gallery galleryid-106 gallery-columns-3 gallery-size-full'><figure class='gallery-item'>\n\t\t\t<div class='gallery-icon landscape'>\n\t\t\t\t<a data-elementor-open-lightbox=\"yes\" data-elementor-lightbox-slideshow=\"87b1b05\" data-elementor-lightbox-title=\"Picture5\" data-e-action-hash=\"#elementor-action%3Aaction%3Dlightbox%26settings%3DeyJpZCI6MTE5LCJ1cmwiOiJodHRwczpcL1wvd3d3LmZsZXhpYmxlZmxlZXRzdHJhdGVnaWVzLmNvbVwvd3AtY29udGVudFwvdXBsb2Fkc1wvMjAyM1wvMDNcL1BpY3R1cmU1LnBuZyIsInNsaWRlc2hvdyI6Ijg3YjFiMDUifQ%3D%3D\" href='https:\/\/www.flexiblefleetstrategies.com\/wp-content\/uploads\/2023\/03\/Picture5.png'><img decoding=\"async\" width=\"1155\" height=\"720\" src=\"https:\/\/www.flexiblefleetstrategies.com\/wp-content\/uploads\/2023\/03\/Picture5.png\" class=\"attachment-full size-full\" alt=\"\" srcset=\"https:\/\/www.flexiblefleetstrategies.com\/wp-content\/uploads\/2023\/03\/Picture5.png 1155w, https:\/\/www.flexiblefleetstrategies.com\/wp-content\/uploads\/2023\/03\/Picture5-300x187.png 300w, https:\/\/www.flexiblefleetstrategies.com\/wp-content\/uploads\/2023\/03\/Picture5-1024x638.png 1024w, https:\/\/www.flexiblefleetstrategies.com\/wp-content\/uploads\/2023\/03\/Picture5-768x479.png 768w\" sizes=\"(max-width: 1155px) 100vw, 1155px\" \/><\/a>\n\t\t\t<\/div><\/figure><figure class='gallery-item'>\n\t\t\t<div class='gallery-icon landscape'>\n\t\t\t\t<a data-elementor-open-lightbox=\"yes\" data-elementor-lightbox-slideshow=\"87b1b05\" data-elementor-lightbox-title=\"Picture3\" data-e-action-hash=\"#elementor-action%3Aaction%3Dlightbox%26settings%3DeyJpZCI6MTE4LCJ1cmwiOiJodHRwczpcL1wvd3d3LmZsZXhpYmxlZmxlZXRzdHJhdGVnaWVzLmNvbVwvd3AtY29udGVudFwvdXBsb2Fkc1wvMjAyM1wvMDNcL1BpY3R1cmUzLnBuZyIsInNsaWRlc2hvdyI6Ijg3YjFiMDUifQ%3D%3D\" href='https:\/\/www.flexiblefleetstrategies.com\/wp-content\/uploads\/2023\/03\/Picture3.png'><img decoding=\"async\" width=\"1152\" height=\"720\" src=\"https:\/\/www.flexiblefleetstrategies.com\/wp-content\/uploads\/2023\/03\/Picture3.png\" class=\"attachment-full size-full\" alt=\"\" srcset=\"https:\/\/www.flexiblefleetstrategies.com\/wp-content\/uploads\/2023\/03\/Picture3.png 1152w, https:\/\/www.flexiblefleetstrategies.com\/wp-content\/uploads\/2023\/03\/Picture3-300x188.png 300w, https:\/\/www.flexiblefleetstrategies.com\/wp-content\/uploads\/2023\/03\/Picture3-1024x640.png 1024w, https:\/\/www.flexiblefleetstrategies.com\/wp-content\/uploads\/2023\/03\/Picture3-768x480.png 768w\" sizes=\"(max-width: 1152px) 100vw, 1152px\" \/><\/a>\n\t\t\t<\/div><\/figure><figure class='gallery-item'>\n\t\t\t<div class='gallery-icon landscape'>\n\t\t\t\t<a data-elementor-open-lightbox=\"yes\" data-elementor-lightbox-slideshow=\"87b1b05\" data-elementor-lightbox-title=\"Picture2\" data-e-action-hash=\"#elementor-action%3Aaction%3Dlightbox%26settings%3DeyJpZCI6MTE3LCJ1cmwiOiJodHRwczpcL1wvd3d3LmZsZXhpYmxlZmxlZXRzdHJhdGVnaWVzLmNvbVwvd3AtY29udGVudFwvdXBsb2Fkc1wvMjAyM1wvMDNcL1BpY3R1cmUyLnBuZyIsInNsaWRlc2hvdyI6Ijg3YjFiMDUifQ%3D%3D\" href='https:\/\/www.flexiblefleetstrategies.com\/wp-content\/uploads\/2023\/03\/Picture2.png'><img loading=\"lazy\" decoding=\"async\" width=\"1206\" height=\"720\" src=\"https:\/\/www.flexiblefleetstrategies.com\/wp-content\/uploads\/2023\/03\/Picture2.png\" class=\"attachment-full size-full\" alt=\"\" srcset=\"https:\/\/www.flexiblefleetstrategies.com\/wp-content\/uploads\/2023\/03\/Picture2.png 1206w, https:\/\/www.flexiblefleetstrategies.com\/wp-content\/uploads\/2023\/03\/Picture2-300x179.png 300w, https:\/\/www.flexiblefleetstrategies.com\/wp-content\/uploads\/2023\/03\/Picture2-1024x611.png 1024w, https:\/\/www.flexiblefleetstrategies.com\/wp-content\/uploads\/2023\/03\/Picture2-768x459.png 768w\" sizes=\"(max-width: 1206px) 100vw, 1206px\" \/><\/a>\n\t\t\t<\/div><\/figure><figure class='gallery-item'>\n\t\t\t<div class='gallery-icon landscape'>\n\t\t\t\t<a data-elementor-open-lightbox=\"yes\" data-elementor-lightbox-slideshow=\"87b1b05\" data-elementor-lightbox-title=\"Number of actions\" data-e-action-hash=\"#elementor-action%3Aaction%3Dlightbox%26settings%3DeyJpZCI6MTEyLCJ1cmwiOiJodHRwczpcL1wvd3d3LmZsZXhpYmxlZmxlZXRzdHJhdGVnaWVzLmNvbVwvd3AtY29udGVudFwvdXBsb2Fkc1wvMjAyM1wvMDNcL051bWJlci1vZi1hY3Rpb25zLnBuZyIsInNsaWRlc2hvdyI6Ijg3YjFiMDUifQ%3D%3D\" href='https:\/\/www.flexiblefleetstrategies.com\/wp-content\/uploads\/2023\/03\/Number-of-actions.png'><img loading=\"lazy\" decoding=\"async\" width=\"1366\" height=\"1025\" src=\"https:\/\/www.flexiblefleetstrategies.com\/wp-content\/uploads\/2023\/03\/Number-of-actions.png\" class=\"attachment-full size-full\" alt=\"\" srcset=\"https:\/\/www.flexiblefleetstrategies.com\/wp-content\/uploads\/2023\/03\/Number-of-actions.png 1366w, https:\/\/www.flexiblefleetstrategies.com\/wp-content\/uploads\/2023\/03\/Number-of-actions-300x225.png 300w, https:\/\/www.flexiblefleetstrategies.com\/wp-content\/uploads\/2023\/03\/Number-of-actions-1024x768.png 1024w, https:\/\/www.flexiblefleetstrategies.com\/wp-content\/uploads\/2023\/03\/Number-of-actions-768x576.png 768w\" sizes=\"(max-width: 1366px) 100vw, 1366px\" \/><\/a>\n\t\t\t<\/div><\/figure><figure class='gallery-item'>\n\t\t\t<div class='gallery-icon landscape'>\n\t\t\t\t<a data-elementor-open-lightbox=\"yes\" data-elementor-lightbox-slideshow=\"87b1b05\" data-elementor-lightbox-title=\"Picture7\" data-e-action-hash=\"#elementor-action%3Aaction%3Dlightbox%26settings%3DeyJpZCI6MTExLCJ1cmwiOiJodHRwczpcL1wvd3d3LmZsZXhpYmxlZmxlZXRzdHJhdGVnaWVzLmNvbVwvd3AtY29udGVudFwvdXBsb2Fkc1wvMjAyM1wvMDNcL1BpY3R1cmU3LnBuZyIsInNsaWRlc2hvdyI6Ijg3YjFiMDUifQ%3D%3D\" href='https:\/\/www.flexiblefleetstrategies.com\/wp-content\/uploads\/2023\/03\/Picture7.png'><img loading=\"lazy\" decoding=\"async\" width=\"1366\" height=\"1016\" src=\"https:\/\/www.flexiblefleetstrategies.com\/wp-content\/uploads\/2023\/03\/Picture7.png\" class=\"attachment-full size-full\" alt=\"\" srcset=\"https:\/\/www.flexiblefleetstrategies.com\/wp-content\/uploads\/2023\/03\/Picture7.png 1366w, https:\/\/www.flexiblefleetstrategies.com\/wp-content\/uploads\/2023\/03\/Picture7-300x223.png 300w, https:\/\/www.flexiblefleetstrategies.com\/wp-content\/uploads\/2023\/03\/Picture7-1024x762.png 1024w, https:\/\/www.flexiblefleetstrategies.com\/wp-content\/uploads\/2023\/03\/Picture7-768x571.png 768w\" sizes=\"(max-width: 1366px) 100vw, 1366px\" \/><\/a>\n\t\t\t<\/div><\/figure>\n\t\t<\/div>\n\t\t<\/div>\n\t\t\t\t\t\t<\/div>\n\t\t\t\t<\/div>\n\t\t\t\t\t<\/div>\n\t\t<\/div>\n\t\t\t\t\t<\/div>\n\t\t<\/section>\n\t\t\t\t<\/div>","protected":false},"excerpt":{"rendered":"<p>Revolutionise Fleet Management with TIMA&#8217;s Paperless Precision Enter the new era of fleet management with TIMA by Flexible Fleet Strategies, where real-time data and paperless efficiency redefine what&#8217;s possible. Operating across South Africa, Thailand, and Brazil, TIMA is your key to unlocking seamless operations, unwavering safety, and strict compliance, all through a transformative digital experience. [&hellip;]<\/p>","protected":false},"author":1,"featured_media":0,"parent":0,"menu_order":0,"comment_status":"closed","ping_status":"closed","template":"elementor_header_footer","meta":{"footnotes":""},"class_list":["post-106","page","type-page","status-publish","hentry"],"_links":{"self":[{"href":"https:\/\/www.flexiblefleetstrategies.com\/pt\/wp-json\/wp\/v2\/pages\/106","targetHints":{"allow":["GET"]}}],"collection":[{"href":"https:\/\/www.flexiblefleetstrategies.com\/pt\/wp-json\/wp\/v2\/pages"}],"about":[{"href":"https:\/\/www.flexiblefleetstrategies.com\/pt\/wp-json\/wp\/v2\/types\/page"}],"author":[{"embeddable":true,"href":"https:\/\/www.flexiblefleetstrategies.com\/pt\/wp-json\/wp\/v2\/users\/1"}],"replies":[{"embeddable":true,"href":"https:\/\/www.flexiblefleetstrategies.com\/pt\/wp-json\/wp\/v2\/comments?post=106"}],"version-history":[{"count":41,"href":"https:\/\/www.flexiblefleetstrategies.com\/pt\/wp-json\/wp\/v2\/pages\/106\/revisions"}],"predecessor-version":[{"id":956,"href":"https:\/\/www.flexiblefleetstrategies.com\/pt\/wp-json\/wp\/v2\/pages\/106\/revisions\/956"}],"wp:attachment":[{"href":"https:\/\/www.flexiblefleetstrategies.com\/pt\/wp-json\/wp\/v2\/media?parent=106"}],"curies":[{"name":"wp","href":"https:\/\/api.w.org\/{rel}","templated":true}]}}