{"id":203,"date":"2023-03-20T12:07:11","date_gmt":"2023-03-20T12:07:11","guid":{"rendered":"https:\/\/www.flexiblefleetstrategies.com\/?page_id=203"},"modified":"2025-05-19T16:49:33","modified_gmt":"2025-05-19T16:49:33","slug":"truck-inspection-5th-wheel-lubrication","status":"publish","type":"page","link":"https:\/\/www.flexiblefleetstrategies.com\/pt\/truck-inspection-5th-wheel-lubrication\/","title":{"rendered":"Inspe\u00e7\u00e3o de Caminh\u00e3o e Lubrifica\u00e7\u00e3o da Quinta Roda"},"content":{"rendered":"<div data-elementor-type=\"wp-page\" data-elementor-id=\"203\" class=\"elementor elementor-203\" data-elementor-post-type=\"page\">\n\t\t\t\t\t\t<section class=\"elementor-section elementor-top-section elementor-element elementor-element-1606d42 elementor-section-height-min-height elementor-section-boxed elementor-section-height-default elementor-section-items-middle\" data-id=\"1606d42\" data-element_type=\"section\" data-e-type=\"section\" data-settings=\"{&quot;background_background&quot;:&quot;classic&quot;}\">\n\t\t\t\t\t\t\t<div class=\"elementor-background-overlay\"><\/div>\n\t\t\t\t\t\t\t<div class=\"elementor-container elementor-column-gap-default\">\n\t\t\t\t\t<div class=\"elementor-column elementor-col-100 elementor-top-column elementor-element elementor-element-d80ee11\" data-id=\"d80ee11\" data-element_type=\"column\" data-e-type=\"column\">\n\t\t\t<div class=\"elementor-widget-wrap elementor-element-populated\">\n\t\t\t\t\t\t<div class=\"elementor-element elementor-element-af7a0ec elementor-widget elementor-widget-heading\" data-id=\"af7a0ec\" data-element_type=\"widget\" data-e-type=\"widget\" data-widget_type=\"heading.default\">\n\t\t\t\t<div class=\"elementor-widget-container\">\n\t\t\t\t\t<h1 class=\"elementor-heading-title elementor-size-default\">Truck Safety Inspection &amp; 5th Wheel Lubrication<\/h1>\t\t\t\t<\/div>\n\t\t\t\t<\/div>\n\t\t\t\t\t<\/div>\n\t\t<\/div>\n\t\t\t\t\t<\/div>\n\t\t<\/section>\n\t\t\t\t<section class=\"elementor-section elementor-top-section elementor-element elementor-element-d823cee elementor-section-boxed elementor-section-height-default elementor-section-height-default\" data-id=\"d823cee\" data-element_type=\"section\" data-e-type=\"section\">\n\t\t\t\t\t\t<div class=\"elementor-container elementor-column-gap-default\">\n\t\t\t\t\t<div class=\"elementor-column elementor-col-100 elementor-top-column elementor-element elementor-element-eacc5e8\" data-id=\"eacc5e8\" data-element_type=\"column\" data-e-type=\"column\">\n\t\t\t<div class=\"elementor-widget-wrap elementor-element-populated\">\n\t\t\t\t\t\t<div class=\"elementor-element elementor-element-97a8b54 elementor-widget elementor-widget-heading\" data-id=\"97a8b54\" data-element_type=\"widget\" data-e-type=\"widget\" data-widget_type=\"heading.default\">\n\t\t\t\t<div class=\"elementor-widget-container\">\n\t\t\t\t\t<h2 class=\"elementor-heading-title elementor-size-default\">Comprehensive Truck Safety Inspection &amp; 5th Wheel Care\n<\/h2>\t\t\t\t<\/div>\n\t\t\t\t<\/div>\n\t\t\t\t<div class=\"elementor-element elementor-element-7454c21 elementor-widget elementor-widget-text-editor\" data-id=\"7454c21\" data-element_type=\"widget\" data-e-type=\"widget\" data-widget_type=\"text-editor.default\">\n\t\t\t\t<div class=\"elementor-widget-container\">\n\t\t\t\t\t\t\t\t\t<p>Drive with confidence and ensure your fleet&#8217;s safety with Flexible Fleet Strategies Truck Safety Inspection &amp; 5th Wheel Lubrication services. Designed to maintain impeccable road safety standards and optimize maintenance intervals, our services keep your trucks in prime condition, journey after journey.<\/p>\t\t\t\t\t\t\t\t<\/div>\n\t\t\t\t<\/div>\n\t\t\t\t\t<\/div>\n\t\t<\/div>\n\t\t\t\t\t<\/div>\n\t\t<\/section>\n\t\t\t\t<section class=\"elementor-section elementor-top-section elementor-element elementor-element-9f36cb3 elementor-section-boxed elementor-section-height-default elementor-section-height-default\" data-id=\"9f36cb3\" data-element_type=\"section\" data-e-type=\"section\" data-settings=\"{&quot;background_background&quot;:&quot;classic&quot;}\">\n\t\t\t\t\t\t<div class=\"elementor-container elementor-column-gap-default\">\n\t\t\t\t\t<div class=\"elementor-column elementor-col-100 elementor-top-column elementor-element elementor-element-5a52a16\" data-id=\"5a52a16\" data-element_type=\"column\" data-e-type=\"column\">\n\t\t\t<div class=\"elementor-widget-wrap elementor-element-populated\">\n\t\t\t\t\t\t<section class=\"elementor-section elementor-inner-section elementor-element elementor-element-c4ff340 elementor-section-boxed elementor-section-height-default elementor-section-height-default\" data-id=\"c4ff340\" data-element_type=\"section\" data-e-type=\"section\">\n\t\t\t\t\t\t<div class=\"elementor-container elementor-column-gap-default\">\n\t\t\t\t\t<div class=\"elementor-column elementor-col-50 elementor-inner-column elementor-element elementor-element-027f453\" data-id=\"027f453\" data-element_type=\"column\" data-e-type=\"column\" data-settings=\"{&quot;background_background&quot;:&quot;classic&quot;}\">\n\t\t\t<div class=\"elementor-widget-wrap elementor-element-populated\">\n\t\t\t\t\t\t<div class=\"elementor-element elementor-element-0f77479 elementor-position-top elementor-widget elementor-widget-image-box\" data-id=\"0f77479\" data-element_type=\"widget\" data-e-type=\"widget\" data-widget_type=\"image-box.default\">\n\t\t\t\t<div class=\"elementor-widget-container\">\n\t\t\t\t\t<div class=\"elementor-image-box-wrapper\"><figure class=\"elementor-image-box-img\"><img fetchpriority=\"high\" decoding=\"async\" width=\"300\" height=\"239\" src=\"https:\/\/www.flexiblefleetstrategies.com\/wp-content\/uploads\/2025\/05\/image-8.webp\" class=\"attachment-full size-full wp-image-905\" alt=\"\" srcset=\"https:\/\/www.flexiblefleetstrategies.com\/wp-content\/uploads\/2025\/05\/image-8.webp 300w, https:\/\/www.flexiblefleetstrategies.com\/wp-content\/uploads\/2025\/05\/image-8-15x12.webp 15w\" sizes=\"(max-width: 300px) 100vw, 300px\" \/><\/figure><div class=\"elementor-image-box-content\"><h3 class=\"elementor-image-box-title\">Identifica\u00e7\u00e3o de Problemas<\/h3><p class=\"elementor-image-box-description\">O intervalo entre os per\u00edodos de servi\u00e7o recomendados pelo fabricante pode deixar espa\u00e7o para descuidos de seguran\u00e7a. Sua equipe possui a expertise necess\u00e1ria para manter a seguran\u00e7a e identificar poss\u00edveis problemas de manuten\u00e7\u00e3o durante esses per\u00edodos?<\/p><\/div><\/div>\t\t\t\t<\/div>\n\t\t\t\t<\/div>\n\t\t\t\t\t<\/div>\n\t\t<\/div>\n\t\t\t\t<div class=\"elementor-column elementor-col-50 elementor-inner-column elementor-element elementor-element-be8ced6\" data-id=\"be8ced6\" data-element_type=\"column\" data-e-type=\"column\" data-settings=\"{&quot;background_background&quot;:&quot;classic&quot;}\">\n\t\t\t<div class=\"elementor-widget-wrap elementor-element-populated\">\n\t\t\t\t\t\t<div class=\"elementor-element elementor-element-f2c49a8 elementor-position-top elementor-widget elementor-widget-image-box\" data-id=\"f2c49a8\" data-element_type=\"widget\" data-e-type=\"widget\" data-widget_type=\"image-box.default\">\n\t\t\t\t<div class=\"elementor-widget-container\">\n\t\t\t\t\t<div class=\"elementor-image-box-wrapper\"><figure class=\"elementor-image-box-img\"><img fetchpriority=\"high\" decoding=\"async\" width=\"300\" height=\"239\" src=\"https:\/\/www.flexiblefleetstrategies.com\/wp-content\/uploads\/2025\/05\/image-8.webp\" class=\"attachment-full size-full wp-image-905\" alt=\"\" srcset=\"https:\/\/www.flexiblefleetstrategies.com\/wp-content\/uploads\/2025\/05\/image-8.webp 300w, https:\/\/www.flexiblefleetstrategies.com\/wp-content\/uploads\/2025\/05\/image-8-15x12.webp 15w\" sizes=\"(max-width: 300px) 100vw, 300px\" \/><\/figure><div class=\"elementor-image-box-content\"><h3 class=\"elementor-image-box-title\">Nossa Solu\u00e7\u00e3o<\/h3><p class=\"elementor-image-box-description\">Flexible Fleet Strategies bridges this gap with thorough safety inspections and servicing at critical mileage points to ensure your trucks meet all safety requirements and operational standards.\n<\/p><\/div><\/div>\t\t\t\t<\/div>\n\t\t\t\t<\/div>\n\t\t\t\t\t<\/div>\n\t\t<\/div>\n\t\t\t\t\t<\/div>\n\t\t<\/section>\n\t\t\t\t<section class=\"elementor-section elementor-inner-section elementor-element elementor-element-d02cfd3 elementor-section-boxed elementor-section-height-default elementor-section-height-default\" data-id=\"d02cfd3\" data-element_type=\"section\" data-e-type=\"section\">\n\t\t\t\t\t\t<div class=\"elementor-container elementor-column-gap-default\">\n\t\t\t\t\t<div class=\"elementor-column elementor-col-50 elementor-inner-column elementor-element elementor-element-6e2c129\" data-id=\"6e2c129\" data-element_type=\"column\" data-e-type=\"column\" data-settings=\"{&quot;background_background&quot;:&quot;classic&quot;}\">\n\t\t\t<div class=\"elementor-widget-wrap elementor-element-populated\">\n\t\t\t\t\t\t<div class=\"elementor-element elementor-element-cb9c14e elementor-position-top elementor-widget elementor-widget-image-box\" data-id=\"cb9c14e\" data-element_type=\"widget\" data-e-type=\"widget\" data-widget_type=\"image-box.default\">\n\t\t\t\t<div class=\"elementor-widget-container\">\n\t\t\t\t\t<div class=\"elementor-image-box-wrapper\"><figure class=\"elementor-image-box-img\"><img fetchpriority=\"high\" decoding=\"async\" width=\"300\" height=\"239\" src=\"https:\/\/www.flexiblefleetstrategies.com\/wp-content\/uploads\/2025\/05\/image-8.webp\" class=\"attachment-full size-full wp-image-905\" alt=\"\" srcset=\"https:\/\/www.flexiblefleetstrategies.com\/wp-content\/uploads\/2025\/05\/image-8.webp 300w, https:\/\/www.flexiblefleetstrategies.com\/wp-content\/uploads\/2025\/05\/image-8-15x12.webp 15w\" sizes=\"(max-width: 300px) 100vw, 300px\" \/><\/figure><div class=\"elementor-image-box-content\"><h3 class=\"elementor-image-box-title\">Como Funciona<\/h3><p class=\"elementor-image-box-description\">Nossa equipe realiza inspe\u00e7\u00f5es e servi\u00e7os a cada 20.000 a 30.000 quil\u00f4metros, ou uma vez a cada 5 a 7 meses, de acordo com as recomenda\u00e7\u00f5es do fabricante.\nDamos aten\u00e7\u00e3o especial \u00e0 Quinta Roda \u2014 o elo crucial entre seu caminh\u00e3o e reboque \u2014 fornecendo inspe\u00e7\u00f5es mensais e lubrifica\u00e7\u00e3o com grafite para prevenir desgaste e reparos dispendiosos.\n<\/p><\/div><\/div>\t\t\t\t<\/div>\n\t\t\t\t<\/div>\n\t\t\t\t\t<\/div>\n\t\t<\/div>\n\t\t\t\t<div class=\"elementor-column elementor-col-50 elementor-inner-column elementor-element elementor-element-b3f6f02\" data-id=\"b3f6f02\" data-element_type=\"column\" data-e-type=\"column\" data-settings=\"{&quot;background_background&quot;:&quot;classic&quot;}\">\n\t\t\t<div class=\"elementor-widget-wrap elementor-element-populated\">\n\t\t\t\t\t\t<div class=\"elementor-element elementor-element-a3a7b1b elementor-position-top elementor-widget elementor-widget-image-box\" data-id=\"a3a7b1b\" data-element_type=\"widget\" data-e-type=\"widget\" data-widget_type=\"image-box.default\">\n\t\t\t\t<div class=\"elementor-widget-container\">\n\t\t\t\t\t<div class=\"elementor-image-box-wrapper\"><figure class=\"elementor-image-box-img\"><img fetchpriority=\"high\" decoding=\"async\" width=\"300\" height=\"239\" src=\"https:\/\/www.flexiblefleetstrategies.com\/wp-content\/uploads\/2025\/05\/image-8.webp\" class=\"attachment-full size-full wp-image-905\" alt=\"\" srcset=\"https:\/\/www.flexiblefleetstrategies.com\/wp-content\/uploads\/2025\/05\/image-8.webp 300w, https:\/\/www.flexiblefleetstrategies.com\/wp-content\/uploads\/2025\/05\/image-8-15x12.webp 15w\" sizes=\"(max-width: 300px) 100vw, 300px\" \/><\/figure><div class=\"elementor-image-box-content\"><h3 class=\"elementor-image-box-title\">O Que Oferecemos<\/h3><p class=\"elementor-image-box-description\">Nossos t\u00e9cnicos experientes possuem o conhecimento t\u00e9cnico necess\u00e1rio para conduzir inspe\u00e7\u00f5es de seguran\u00e7a detalhadas e realizar manuten\u00e7\u00f5es que garantam a opera\u00e7\u00e3o segura e eficiente da sua frota.\nIdentificando e resolvendo problemas precocemente, ajudamos voc\u00ea a evitar custos de manuten\u00e7\u00e3o evit\u00e1veis e manter sua frota operando sem paradas n\u00e3o planejadas.\n<\/p><\/div><\/div>\t\t\t\t<\/div>\n\t\t\t\t<\/div>\n\t\t\t\t\t<\/div>\n\t\t<\/div>\n\t\t\t\t\t<\/div>\n\t\t<\/section>\n\t\t\t\t\t<\/div>\n\t\t<\/div>\n\t\t\t\t\t<\/div>\n\t\t<\/section>\n\t\t\t\t<section class=\"elementor-section elementor-top-section elementor-element elementor-element-306589a elementor-section-boxed elementor-section-height-default elementor-section-height-default\" data-id=\"306589a\" data-element_type=\"section\" data-e-type=\"section\">\n\t\t\t\t\t\t<div class=\"elementor-container elementor-column-gap-default\">\n\t\t\t\t\t<div class=\"elementor-column elementor-col-100 elementor-top-column elementor-element elementor-element-3718748\" data-id=\"3718748\" data-element_type=\"column\" data-e-type=\"column\">\n\t\t\t<div class=\"elementor-widget-wrap elementor-element-populated\">\n\t\t\t\t\t\t<section class=\"elementor-section elementor-inner-section elementor-element elementor-element-2b2d9a5 elementor-section-boxed elementor-section-height-default elementor-section-height-default\" data-id=\"2b2d9a5\" data-element_type=\"section\" data-e-type=\"section\">\n\t\t\t\t\t\t<div class=\"elementor-container elementor-column-gap-default\">\n\t\t\t\t\t<div class=\"elementor-column elementor-col-50 elementor-inner-column elementor-element elementor-element-ac7a176\" data-id=\"ac7a176\" data-element_type=\"column\" data-e-type=\"column\" data-settings=\"{&quot;background_background&quot;:&quot;classic&quot;}\">\n\t\t\t<div class=\"elementor-widget-wrap elementor-element-populated\">\n\t\t\t\t\t\t<div class=\"elementor-element elementor-element-049bb10 elementor-widget elementor-widget-heading\" data-id=\"049bb10\" data-element_type=\"widget\" data-e-type=\"widget\" data-widget_type=\"heading.default\">\n\t\t\t\t<div class=\"elementor-widget-container\">\n\t\t\t\t\t<h2 class=\"elementor-heading-title elementor-size-default\">Os Benef\u00edcios\n<\/h2>\t\t\t\t<\/div>\n\t\t\t\t<\/div>\n\t\t\t\t<div class=\"elementor-element elementor-element-674f899 elementor-widget elementor-widget-text-editor\" data-id=\"674f899\" data-element_type=\"widget\" data-e-type=\"widget\" data-widget_type=\"text-editor.default\">\n\t\t\t\t<div class=\"elementor-widget-container\">\n\t\t\t\t\t\t\t\t\tMantenha-se \u00e0 frente de poss\u00edveis problemas com inspe\u00e7\u00f5es regulares e profissionais que melhoram a seguran\u00e7a da sua frota e de todos na estrada.\nManuten\u00e7\u00e3o proativa, especialmente de componentes cr\u00edticos como a Quinta Roda, leva \u00e0 redu\u00e7\u00e3o dos custos de reparo e prolonga a vida \u00fatil da sua frota.\n\t\t\t\t\t\t\t\t<\/div>\n\t\t\t\t<\/div>\n\t\t\t\t\t<\/div>\n\t\t<\/div>\n\t\t\t\t<div class=\"elementor-column elementor-col-50 elementor-inner-column elementor-element elementor-element-36aea6a\" data-id=\"36aea6a\" data-element_type=\"column\" data-e-type=\"column\" data-settings=\"{&quot;background_background&quot;:&quot;classic&quot;}\">\n\t\t\t<div class=\"elementor-widget-wrap elementor-element-populated\">\n\t\t\t\t\t\t<div class=\"elementor-element elementor-element-eb03357 elementor-widget elementor-widget-heading\" data-id=\"eb03357\" data-element_type=\"widget\" data-e-type=\"widget\" data-widget_type=\"heading.default\">\n\t\t\t\t<div class=\"elementor-widget-container\">\n\t\t\t\t\t<h2 class=\"elementor-heading-title elementor-size-default\">Processo de Implementa\u00e7\u00e3o\n<\/h2>\t\t\t\t<\/div>\n\t\t\t\t<\/div>\n\t\t\t\t<div class=\"elementor-element elementor-element-ccca0a2 elementor-widget elementor-widget-text-editor\" data-id=\"ccca0a2\" data-element_type=\"widget\" data-e-type=\"widget\" data-widget_type=\"text-editor.default\">\n\t\t\t\t<div class=\"elementor-widget-container\">\n\t\t\t\t\t\t\t\t\tIntegramos de forma cont\u00ednua com a agenda da sua frota para estabelecer inspe\u00e7\u00f5es regulares e servi\u00e7os de lubrifica\u00e7\u00e3o sem interromper suas opera\u00e7\u00f5es.\nNosso compromisso com o desempenho e a seguran\u00e7a da sua frota \u00e9 cont\u00ednuo. Fornecemos suporte constante e aconselhamento para manter altos padr\u00f5es de seguran\u00e7a.\t\t\t\t\t\t\t\t<\/div>\n\t\t\t\t<\/div>\n\t\t\t\t\t<\/div>\n\t\t<\/div>\n\t\t\t\t\t<\/div>\n\t\t<\/section>\n\t\t\t\t<div class=\"elementor-element elementor-element-0619c84 elementor-align-center elementor-widget elementor-widget-button\" data-id=\"0619c84\" data-element_type=\"widget\" data-e-type=\"widget\" data-widget_type=\"button.default\">\n\t\t\t\t<div class=\"elementor-widget-container\">\n\t\t\t\t\t\t\t\t\t<div class=\"elementor-button-wrapper\">\n\t\t\t\t\t<a class=\"elementor-button elementor-button-link elementor-size-sm\" href=\"https:\/\/www.flexiblefleetstrategies.com\/pt\/contact\/\">\n\t\t\t\t\t\t<span class=\"elementor-button-content-wrapper\">\n\t\t\t\t\t\t\t\t\t<span class=\"elementor-button-text\">Agende Sua Inspe\u00e7\u00e3o de Caminh\u00e3o<\/span>\n\t\t\t\t\t<\/span>\n\t\t\t\t\t<\/a>\n\t\t\t\t<\/div>\n\t\t\t\t\t\t\t\t<\/div>\n\t\t\t\t<\/div>\n\t\t\t\t\t<\/div>\n\t\t<\/div>\n\t\t\t\t\t<\/div>\n\t\t<\/section>\n\t\t\t\t<\/div>","protected":false},"excerpt":{"rendered":"<p>Truck Safety Inspection &#038; 5th Wheel Lubrication Comprehensive Truck Safety Inspection &#038; 5th Wheel Care Drive with confidence and ensure your fleet&#8217;s safety with Flexible Fleet Strategies Truck Safety Inspection &amp; 5th Wheel Lubrication services. Designed to maintain impeccable road safety standards and optimize maintenance intervals, our services keep your trucks in prime condition, journey [&hellip;]<\/p>","protected":false},"author":1,"featured_media":0,"parent":0,"menu_order":0,"comment_status":"closed","ping_status":"closed","template":"elementor_header_footer","meta":{"footnotes":""},"class_list":["post-203","page","type-page","status-publish","hentry"],"_links":{"self":[{"href":"https:\/\/www.flexiblefleetstrategies.com\/pt\/wp-json\/wp\/v2\/pages\/203","targetHints":{"allow":["GET"]}}],"collection":[{"href":"https:\/\/www.flexiblefleetstrategies.com\/pt\/wp-json\/wp\/v2\/pages"}],"about":[{"href":"https:\/\/www.flexiblefleetstrategies.com\/pt\/wp-json\/wp\/v2\/types\/page"}],"author":[{"embeddable":true,"href":"https:\/\/www.flexiblefleetstrategies.com\/pt\/wp-json\/wp\/v2\/users\/1"}],"replies":[{"embeddable":true,"href":"https:\/\/www.flexiblefleetstrategies.com\/pt\/wp-json\/wp\/v2\/comments?post=203"}],"version-history":[{"count":22,"href":"https:\/\/www.flexiblefleetstrategies.com\/pt\/wp-json\/wp\/v2\/pages\/203\/revisions"}],"predecessor-version":[{"id":963,"href":"https:\/\/www.flexiblefleetstrategies.com\/pt\/wp-json\/wp\/v2\/pages\/203\/revisions\/963"}],"wp:attachment":[{"href":"https:\/\/www.flexiblefleetstrategies.com\/pt\/wp-json\/wp\/v2\/media?parent=203"}],"curies":[{"name":"wp","href":"https:\/\/api.w.org\/{rel}","templated":true}]}}