{"id":212,"date":"2023-03-20T12:19:05","date_gmt":"2023-03-20T12:19:05","guid":{"rendered":"https:\/\/www.flexiblefleetstrategies.com\/?page_id=212"},"modified":"2025-05-19T16:52:18","modified_gmt":"2025-05-19T16:52:18","slug":"driver-training","status":"publish","type":"page","link":"https:\/\/www.flexiblefleetstrategies.com\/pt\/driver-training\/","title":{"rendered":"Treinamento de Motoristas"},"content":{"rendered":"<div data-elementor-type=\"wp-page\" data-elementor-id=\"212\" class=\"elementor elementor-212\" data-elementor-post-type=\"page\">\n\t\t\t\t\t\t<section class=\"elementor-section elementor-top-section elementor-element elementor-element-725eff6 elementor-section-height-min-height elementor-section-boxed elementor-section-height-default elementor-section-items-middle\" data-id=\"725eff6\" data-element_type=\"section\" data-e-type=\"section\" data-settings=\"{&quot;background_background&quot;:&quot;classic&quot;}\">\n\t\t\t\t\t\t\t<div class=\"elementor-background-overlay\"><\/div>\n\t\t\t\t\t\t\t<div class=\"elementor-container elementor-column-gap-default\">\n\t\t\t\t\t<div class=\"elementor-column elementor-col-100 elementor-top-column elementor-element elementor-element-8ad8164\" data-id=\"8ad8164\" data-element_type=\"column\" data-e-type=\"column\">\n\t\t\t<div class=\"elementor-widget-wrap elementor-element-populated\">\n\t\t\t\t\t\t<div class=\"elementor-element elementor-element-5a40654 elementor-widget elementor-widget-heading\" data-id=\"5a40654\" data-element_type=\"widget\" data-e-type=\"widget\" data-widget_type=\"heading.default\">\n\t\t\t\t<div class=\"elementor-widget-container\">\n\t\t\t\t\t<h1 class=\"elementor-heading-title elementor-size-default\">Treinamento de Motoristas\n<\/h1>\t\t\t\t<\/div>\n\t\t\t\t<\/div>\n\t\t\t\t<div class=\"elementor-element elementor-element-6fe996d elementor-star-rating--align-center elementor--star-style-star_fontawesome elementor-widget elementor-widget-star-rating\" data-id=\"6fe996d\" data-element_type=\"widget\" data-e-type=\"widget\" data-widget_type=\"star-rating.default\">\n\t\t\t\t<div class=\"elementor-widget-container\">\n\t\t\t\t\t\t\t<div class=\"elementor-star-rating__wrapper\">\n\t\t\t\t\t\t<div class=\"elementor-star-rating\" itemtype=\"http:\/\/schema.org\/Rating\" itemscope=\"\" itemprop=\"reviewRating\">\n\t\t\t\t<i class=\"elementor-star-full\" aria-hidden=\"true\">&#xE933;<\/i><i class=\"elementor-star-full\" aria-hidden=\"true\">&#xE933;<\/i><i class=\"elementor-star-full\" aria-hidden=\"true\">&#xE933;<\/i><i class=\"elementor-star-full\" aria-hidden=\"true\">&#xE933;<\/i><i class=\"elementor-star-full\" aria-hidden=\"true\">&#xE933;<\/i>\t\t\t\t<span itemprop=\"ratingValue\" class=\"elementor-screen-only\">Classificado como 5 de 5<\/span>\n\t\t\t<\/div>\n\t\t<\/div>\n\t\t\t\t\t\t<\/div>\n\t\t\t\t<\/div>\n\t\t\t\t\t<\/div>\n\t\t<\/div>\n\t\t\t\t\t<\/div>\n\t\t<\/section>\n\t\t\t\t<section class=\"elementor-section elementor-top-section elementor-element elementor-element-0752e78 elementor-section-boxed elementor-section-height-default elementor-section-height-default\" data-id=\"0752e78\" data-element_type=\"section\" data-e-type=\"section\">\n\t\t\t\t\t\t<div class=\"elementor-container elementor-column-gap-default\">\n\t\t\t\t\t<div class=\"elementor-column elementor-col-100 elementor-top-column elementor-element elementor-element-8073759\" data-id=\"8073759\" data-element_type=\"column\" data-e-type=\"column\">\n\t\t\t<div class=\"elementor-widget-wrap elementor-element-populated\">\n\t\t\t\t\t\t<div class=\"elementor-element elementor-element-551759a elementor-widget elementor-widget-heading\" data-id=\"551759a\" data-element_type=\"widget\" data-e-type=\"widget\" data-widget_type=\"heading.default\">\n\t\t\t\t<div class=\"elementor-widget-container\">\n\t\t\t\t\t<h2 class=\"elementor-heading-title elementor-size-default\">Treinamento Avan\u00e7ado de Motoristas para Seguran\u00e7a e Efici\u00eancia da Frota\n<\/h2>\t\t\t\t<\/div>\n\t\t\t\t<\/div>\n\t\t\t\t<div class=\"elementor-element elementor-element-c34fc6a elementor-widget elementor-widget-text-editor\" data-id=\"c34fc6a\" data-element_type=\"widget\" data-e-type=\"widget\" data-widget_type=\"text-editor.default\">\n\t\t\t\t<div class=\"elementor-widget-container\">\n\t\t\t\t\t\t\t\t\t<p>Elevate the capabilities of your driving team with Flexible Fleet Strategies structured Driver Training programmers. Designed to target safety risk factors, our training courses are a crucial investment in reducing downtime and cutting operational costs, all while prioritising safety.<\/p>\t\t\t\t\t\t\t\t<\/div>\n\t\t\t\t<\/div>\n\t\t\t\t\t<\/div>\n\t\t<\/div>\n\t\t\t\t\t<\/div>\n\t\t<\/section>\n\t\t\t\t<section class=\"elementor-section elementor-top-section elementor-element elementor-element-f28d516 elementor-section-boxed elementor-section-height-default elementor-section-height-default\" data-id=\"f28d516\" data-element_type=\"section\" data-e-type=\"section\" data-settings=\"{&quot;background_background&quot;:&quot;classic&quot;}\">\n\t\t\t\t\t\t<div class=\"elementor-container elementor-column-gap-default\">\n\t\t\t\t\t<div class=\"elementor-column elementor-col-100 elementor-top-column elementor-element elementor-element-b39248d\" data-id=\"b39248d\" data-element_type=\"column\" data-e-type=\"column\">\n\t\t\t<div class=\"elementor-widget-wrap elementor-element-populated\">\n\t\t\t\t\t\t<section class=\"elementor-section elementor-inner-section elementor-element elementor-element-e3d1734 elementor-section-boxed elementor-section-height-default elementor-section-height-default\" data-id=\"e3d1734\" data-element_type=\"section\" data-e-type=\"section\">\n\t\t\t\t\t\t<div class=\"elementor-container elementor-column-gap-default\">\n\t\t\t\t\t<div class=\"elementor-column elementor-col-50 elementor-inner-column elementor-element elementor-element-6db0f47\" data-id=\"6db0f47\" data-element_type=\"column\" data-e-type=\"column\" data-settings=\"{&quot;background_background&quot;:&quot;classic&quot;}\">\n\t\t\t<div class=\"elementor-widget-wrap elementor-element-populated\">\n\t\t\t\t\t\t<div class=\"elementor-element elementor-element-aa82f64 elementor-position-top elementor-widget elementor-widget-image-box\" data-id=\"aa82f64\" data-element_type=\"widget\" data-e-type=\"widget\" data-widget_type=\"image-box.default\">\n\t\t\t\t<div class=\"elementor-widget-container\">\n\t\t\t\t\t<div class=\"elementor-image-box-wrapper\"><figure class=\"elementor-image-box-img\"><img fetchpriority=\"high\" decoding=\"async\" width=\"300\" height=\"239\" src=\"https:\/\/www.flexiblefleetstrategies.com\/wp-content\/uploads\/2025\/05\/image-8.webp\" class=\"attachment-full size-full wp-image-905\" alt=\"\" srcset=\"https:\/\/www.flexiblefleetstrategies.com\/wp-content\/uploads\/2025\/05\/image-8.webp 300w, https:\/\/www.flexiblefleetstrategies.com\/wp-content\/uploads\/2025\/05\/image-8-15x12.webp 15w\" sizes=\"(max-width: 300px) 100vw, 300px\" \/><\/figure><div class=\"elementor-image-box-content\"><h3 class=\"elementor-image-box-title\">Identifica\u00e7\u00e3o de Problemas<\/h3><p class=\"elementor-image-box-description\">Na ind\u00fastria de log\u00edstica, o n\u00edvel de habilidade dos motoristas influencia diretamente a seguran\u00e7a, efici\u00eancia e custos gerais da frota. Sem o treinamento adequado, os motoristas podem contribuir, sem saber, para o aumento dos fatores de risco e tempo de inatividade.\n<\/p><\/div><\/div>\t\t\t\t<\/div>\n\t\t\t\t<\/div>\n\t\t\t\t\t<\/div>\n\t\t<\/div>\n\t\t\t\t<div class=\"elementor-column elementor-col-50 elementor-inner-column elementor-element elementor-element-83f04e8\" data-id=\"83f04e8\" data-element_type=\"column\" data-e-type=\"column\" data-settings=\"{&quot;background_background&quot;:&quot;classic&quot;}\">\n\t\t\t<div class=\"elementor-widget-wrap elementor-element-populated\">\n\t\t\t\t\t\t<div class=\"elementor-element elementor-element-7a1d2aa elementor-position-top elementor-widget elementor-widget-image-box\" data-id=\"7a1d2aa\" data-element_type=\"widget\" data-e-type=\"widget\" data-widget_type=\"image-box.default\">\n\t\t\t\t<div class=\"elementor-widget-container\">\n\t\t\t\t\t<div class=\"elementor-image-box-wrapper\"><figure class=\"elementor-image-box-img\"><img fetchpriority=\"high\" decoding=\"async\" width=\"300\" height=\"239\" src=\"https:\/\/www.flexiblefleetstrategies.com\/wp-content\/uploads\/2025\/05\/image-8.webp\" class=\"attachment-full size-full wp-image-905\" alt=\"\" srcset=\"https:\/\/www.flexiblefleetstrategies.com\/wp-content\/uploads\/2025\/05\/image-8.webp 300w, https:\/\/www.flexiblefleetstrategies.com\/wp-content\/uploads\/2025\/05\/image-8-15x12.webp 15w\" sizes=\"(max-width: 300px) 100vw, 300px\" \/><\/figure><div class=\"elementor-image-box-content\"><h3 class=\"elementor-image-box-title\">Nossa Solu\u00e7\u00e3o<\/h3><p class=\"elementor-image-box-description\">Flexible Fleet Strategies Driver Training equips your drivers with the knowledge and skills they need to operate safely, comply with regulations, and maintain your fleet's high standards.\n<\/p><\/div><\/div>\t\t\t\t<\/div>\n\t\t\t\t<\/div>\n\t\t\t\t\t<\/div>\n\t\t<\/div>\n\t\t\t\t\t<\/div>\n\t\t<\/section>\n\t\t\t\t<section class=\"elementor-section elementor-inner-section elementor-element elementor-element-21a6e5b elementor-section-boxed elementor-section-height-default elementor-section-height-default\" data-id=\"21a6e5b\" data-element_type=\"section\" data-e-type=\"section\">\n\t\t\t\t\t\t<div class=\"elementor-container elementor-column-gap-default\">\n\t\t\t\t\t<div class=\"elementor-column elementor-col-50 elementor-inner-column elementor-element elementor-element-df27350\" data-id=\"df27350\" data-element_type=\"column\" data-e-type=\"column\" data-settings=\"{&quot;background_background&quot;:&quot;classic&quot;}\">\n\t\t\t<div class=\"elementor-widget-wrap elementor-element-populated\">\n\t\t\t\t\t\t<div class=\"elementor-element elementor-element-c1d2d07 elementor-position-top elementor-widget elementor-widget-image-box\" data-id=\"c1d2d07\" data-element_type=\"widget\" data-e-type=\"widget\" data-widget_type=\"image-box.default\">\n\t\t\t\t<div class=\"elementor-widget-container\">\n\t\t\t\t\t<div class=\"elementor-image-box-wrapper\"><figure class=\"elementor-image-box-img\"><img fetchpriority=\"high\" decoding=\"async\" width=\"300\" height=\"239\" src=\"https:\/\/www.flexiblefleetstrategies.com\/wp-content\/uploads\/2025\/05\/image-8.webp\" class=\"attachment-full size-full wp-image-905\" alt=\"\" srcset=\"https:\/\/www.flexiblefleetstrategies.com\/wp-content\/uploads\/2025\/05\/image-8.webp 300w, https:\/\/www.flexiblefleetstrategies.com\/wp-content\/uploads\/2025\/05\/image-8-15x12.webp 15w\" sizes=\"(max-width: 300px) 100vw, 300px\" \/><\/figure><div class=\"elementor-image-box-content\"><h3 class=\"elementor-image-box-title\">Como Funciona<\/h3><p class=\"elementor-image-box-description\">Nossas sess\u00f5es de treinamento s\u00e3o cuidadosamente agendadas e estruturadas para cobrir todos os aspectos das pr\u00e1ticas de condu\u00e7\u00e3o segura, conscientiza\u00e7\u00e3o sobre manuten\u00e7\u00e3o de ve\u00edculos e procedimentos de emerg\u00eancia.\nNos concentramos em identificar e eliminar fatores de risco comuns \u00e0 seguran\u00e7a por meio de instru\u00e7\u00e3o pr\u00e1tica, hands-on e aprendizado baseado em cen\u00e1rios.\n<\/p><\/div><\/div>\t\t\t\t<\/div>\n\t\t\t\t<\/div>\n\t\t\t\t\t<\/div>\n\t\t<\/div>\n\t\t\t\t<div class=\"elementor-column elementor-col-50 elementor-inner-column elementor-element elementor-element-9930170\" data-id=\"9930170\" data-element_type=\"column\" data-e-type=\"column\" data-settings=\"{&quot;background_background&quot;:&quot;classic&quot;}\">\n\t\t\t<div class=\"elementor-widget-wrap elementor-element-populated\">\n\t\t\t\t\t\t<div class=\"elementor-element elementor-element-38c3a2c elementor-position-top elementor-widget elementor-widget-image-box\" data-id=\"38c3a2c\" data-element_type=\"widget\" data-e-type=\"widget\" data-widget_type=\"image-box.default\">\n\t\t\t\t<div class=\"elementor-widget-container\">\n\t\t\t\t\t<div class=\"elementor-image-box-wrapper\"><figure class=\"elementor-image-box-img\"><img fetchpriority=\"high\" decoding=\"async\" width=\"300\" height=\"239\" src=\"https:\/\/www.flexiblefleetstrategies.com\/wp-content\/uploads\/2025\/05\/image-8.webp\" class=\"attachment-full size-full wp-image-905\" alt=\"\" srcset=\"https:\/\/www.flexiblefleetstrategies.com\/wp-content\/uploads\/2025\/05\/image-8.webp 300w, https:\/\/www.flexiblefleetstrategies.com\/wp-content\/uploads\/2025\/05\/image-8-15x12.webp 15w\" sizes=\"(max-width: 300px) 100vw, 300px\" \/><\/figure><div class=\"elementor-image-box-content\"><h3 class=\"elementor-image-box-title\">O Que Oferecemos<\/h3><p class=\"elementor-image-box-description\">Nossa equipe de instrutores profissionais traz anos de experi\u00eancia na ind\u00fastria e uma paix\u00e3o pela seguran\u00e7a a cada sess\u00e3o de treinamento.\nMantenha-se \u00e0 frente da curva com um curr\u00edculo que \u00e9 continuamente atualizado para refletir os mais recentes padr\u00f5es de seguran\u00e7a e as melhores pr\u00e1ticas em gest\u00e3o de frota.\n<\/p><\/div><\/div>\t\t\t\t<\/div>\n\t\t\t\t<\/div>\n\t\t\t\t\t<\/div>\n\t\t<\/div>\n\t\t\t\t\t<\/div>\n\t\t<\/section>\n\t\t\t\t\t<\/div>\n\t\t<\/div>\n\t\t\t\t\t<\/div>\n\t\t<\/section>\n\t\t\t\t<section class=\"elementor-section elementor-top-section elementor-element elementor-element-544dfe2 elementor-section-boxed elementor-section-height-default elementor-section-height-default\" data-id=\"544dfe2\" data-element_type=\"section\" data-e-type=\"section\">\n\t\t\t\t\t\t<div class=\"elementor-container elementor-column-gap-default\">\n\t\t\t\t\t<div class=\"elementor-column elementor-col-100 elementor-top-column elementor-element elementor-element-e83cd18\" data-id=\"e83cd18\" data-element_type=\"column\" data-e-type=\"column\">\n\t\t\t<div class=\"elementor-widget-wrap elementor-element-populated\">\n\t\t\t\t\t\t<section class=\"elementor-section elementor-inner-section elementor-element elementor-element-9cc5064 elementor-section-boxed elementor-section-height-default elementor-section-height-default\" data-id=\"9cc5064\" data-element_type=\"section\" data-e-type=\"section\">\n\t\t\t\t\t\t<div class=\"elementor-container elementor-column-gap-default\">\n\t\t\t\t\t<div class=\"elementor-column elementor-col-50 elementor-inner-column elementor-element elementor-element-7184cc0\" data-id=\"7184cc0\" data-element_type=\"column\" data-e-type=\"column\" data-settings=\"{&quot;background_background&quot;:&quot;classic&quot;}\">\n\t\t\t<div class=\"elementor-widget-wrap elementor-element-populated\">\n\t\t\t\t\t\t<div class=\"elementor-element elementor-element-8c7f4ec elementor-widget elementor-widget-heading\" data-id=\"8c7f4ec\" data-element_type=\"widget\" data-e-type=\"widget\" data-widget_type=\"heading.default\">\n\t\t\t\t<div class=\"elementor-widget-container\">\n\t\t\t\t\t<h2 class=\"elementor-heading-title elementor-size-default\">Os Benef\u00edcios\n<\/h2>\t\t\t\t<\/div>\n\t\t\t\t<\/div>\n\t\t\t\t<div class=\"elementor-element elementor-element-022303f elementor-widget elementor-widget-text-editor\" data-id=\"022303f\" data-element_type=\"widget\" data-e-type=\"widget\" data-widget_type=\"text-editor.default\">\n\t\t\t\t<div class=\"elementor-widget-container\">\n\t\t\t\t\t\t\t\t\tMotoristas devidamente treinados significam menos acidentes, menos tempo de inatividade e uma melhor reputa\u00e7\u00e3o para o seu neg\u00f3cio.\nInvestir em treinamento de motoristas se traduz em economias a longo prazo, evitando problemas de manuten\u00e7\u00e3o evit\u00e1veis \u200b\u200be melhorando a efici\u00eancia geral da frota.\n\t\t\t\t\t\t\t\t<\/div>\n\t\t\t\t<\/div>\n\t\t\t\t\t<\/div>\n\t\t<\/div>\n\t\t\t\t<div class=\"elementor-column elementor-col-50 elementor-inner-column elementor-element elementor-element-3e7e636\" data-id=\"3e7e636\" data-element_type=\"column\" data-e-type=\"column\" data-settings=\"{&quot;background_background&quot;:&quot;classic&quot;}\">\n\t\t\t<div class=\"elementor-widget-wrap elementor-element-populated\">\n\t\t\t\t\t\t<div class=\"elementor-element elementor-element-c2e7cbf elementor-widget elementor-widget-heading\" data-id=\"c2e7cbf\" data-element_type=\"widget\" data-e-type=\"widget\" data-widget_type=\"heading.default\">\n\t\t\t\t<div class=\"elementor-widget-container\">\n\t\t\t\t\t<h2 class=\"elementor-heading-title elementor-size-default\">Come\u00e7ando\n<\/h2>\t\t\t\t<\/div>\n\t\t\t\t<\/div>\n\t\t\t\t<div class=\"elementor-element elementor-element-07ca8bf elementor-widget elementor-widget-text-editor\" data-id=\"07ca8bf\" data-element_type=\"widget\" data-e-type=\"widget\" data-widget_type=\"text-editor.default\">\n\t\t\t\t<div class=\"elementor-widget-container\">\n\t\t\t\t\t\t\t\t\tInscrever seus motoristas \u00e9 simples. Entre em contato conosco, e n\u00f3s o guiaremos pelo processo, estabelecendo um cronograma de treinamento que funcione para sua opera\u00e7\u00e3o.\nNosso compromisso com seus motoristas n\u00e3o termina ap\u00f3s o treinamento. Oferecemos suporte cont\u00ednuo e cursos de reciclagem para garantir que as habilidades e conhecimentos permane\u00e7am atualizados.\n\t\t\t\t\t\t\t\t<\/div>\n\t\t\t\t<\/div>\n\t\t\t\t\t<\/div>\n\t\t<\/div>\n\t\t\t\t\t<\/div>\n\t\t<\/section>\n\t\t\t\t<div class=\"elementor-element elementor-element-882a7c9 elementor-align-center elementor-widget elementor-widget-button\" data-id=\"882a7c9\" data-element_type=\"widget\" data-e-type=\"widget\" data-widget_type=\"button.default\">\n\t\t\t\t<div class=\"elementor-widget-container\">\n\t\t\t\t\t\t\t\t\t<div class=\"elementor-button-wrapper\">\n\t\t\t\t\t<a class=\"elementor-button elementor-button-link elementor-size-sm\" href=\"https:\/\/www.flexiblefleetstrategies.com\/pt\/contact\/\">\n\t\t\t\t\t\t<span class=\"elementor-button-content-wrapper\">\n\t\t\t\t\t\t\t\t\t<span class=\"elementor-button-text\">Inscreva-se no Treinamento de Motoristas Hoje<\/span>\n\t\t\t\t\t<\/span>\n\t\t\t\t\t<\/a>\n\t\t\t\t<\/div>\n\t\t\t\t\t\t\t\t<\/div>\n\t\t\t\t<\/div>\n\t\t\t\t\t<\/div>\n\t\t<\/div>\n\t\t\t\t\t<\/div>\n\t\t<\/section>\n\t\t\t\t<\/div>","protected":false},"excerpt":{"rendered":"<p>Driver Training &#xE933;&#xE933;&#xE933;&#xE933;&#xE933; 5\/5 Advanced Driver Training for Fleet Safety and Efficiency Elevate the capabilities of your driving team with Flexible Fleet Strategies structured Driver Training programmers. Designed to target safety risk factors, our training courses are a crucial investment in reducing downtime and cutting operational costs, all while prioritising safety. Problem Identification In the [&hellip;]<\/p>","protected":false},"author":1,"featured_media":0,"parent":0,"menu_order":0,"comment_status":"closed","ping_status":"closed","template":"elementor_header_footer","meta":{"footnotes":""},"class_list":["post-212","page","type-page","status-publish","hentry"],"_links":{"self":[{"href":"https:\/\/www.flexiblefleetstrategies.com\/pt\/wp-json\/wp\/v2\/pages\/212","targetHints":{"allow":["GET"]}}],"collection":[{"href":"https:\/\/www.flexiblefleetstrategies.com\/pt\/wp-json\/wp\/v2\/pages"}],"about":[{"href":"https:\/\/www.flexiblefleetstrategies.com\/pt\/wp-json\/wp\/v2\/types\/page"}],"author":[{"embeddable":true,"href":"https:\/\/www.flexiblefleetstrategies.com\/pt\/wp-json\/wp\/v2\/users\/1"}],"replies":[{"embeddable":true,"href":"https:\/\/www.flexiblefleetstrategies.com\/pt\/wp-json\/wp\/v2\/comments?post=212"}],"version-history":[{"count":19,"href":"https:\/\/www.flexiblefleetstrategies.com\/pt\/wp-json\/wp\/v2\/pages\/212\/revisions"}],"predecessor-version":[{"id":972,"href":"https:\/\/www.flexiblefleetstrategies.com\/pt\/wp-json\/wp\/v2\/pages\/212\/revisions\/972"}],"wp:attachment":[{"href":"https:\/\/www.flexiblefleetstrategies.com\/pt\/wp-json\/wp\/v2\/media?parent=212"}],"curies":[{"name":"wp","href":"https:\/\/api.w.org\/{rel}","templated":true}]}}