{"id":213,"date":"2023-03-20T12:12:58","date_gmt":"2023-03-20T12:12:58","guid":{"rendered":"https:\/\/www.flexiblefleetstrategies.com\/?page_id=213"},"modified":"2025-05-19T16:51:06","modified_gmt":"2025-05-19T16:51:06","slug":"truck-safety-road-toolkit","status":"publish","type":"page","link":"https:\/\/www.flexiblefleetstrategies.com\/pt\/truck-safety-road-toolkit\/","title":{"rendered":"Kit de Ferramentas para Seguran\u00e7a Rodovi\u00e1ria de Caminh\u00f5es"},"content":{"rendered":"<div data-elementor-type=\"wp-page\" data-elementor-id=\"213\" class=\"elementor elementor-213\" data-elementor-post-type=\"page\">\n\t\t\t\t\t\t<section class=\"elementor-section elementor-top-section elementor-element elementor-element-9e0309f elementor-section-height-min-height elementor-section-boxed elementor-section-height-default elementor-section-items-middle\" data-id=\"9e0309f\" data-element_type=\"section\" data-e-type=\"section\" data-settings=\"{&quot;background_background&quot;:&quot;classic&quot;}\">\n\t\t\t\t\t\t\t<div class=\"elementor-background-overlay\"><\/div>\n\t\t\t\t\t\t\t<div class=\"elementor-container elementor-column-gap-default\">\n\t\t\t\t\t<div class=\"elementor-column elementor-col-100 elementor-top-column elementor-element elementor-element-6d61f0e\" data-id=\"6d61f0e\" data-element_type=\"column\" data-e-type=\"column\">\n\t\t\t<div class=\"elementor-widget-wrap elementor-element-populated\">\n\t\t\t\t\t\t<div class=\"elementor-element elementor-element-ac82dcb elementor-widget elementor-widget-heading\" data-id=\"ac82dcb\" data-element_type=\"widget\" data-e-type=\"widget\" data-widget_type=\"heading.default\">\n\t\t\t\t<div class=\"elementor-widget-container\">\n\t\t\t\t\t<h1 class=\"elementor-heading-title elementor-size-default\">Kit de Ferramentas de Pr\u00e1ticas de Gest\u00e3o para Estradas Mais Seguras<\/h1>\t\t\t\t<\/div>\n\t\t\t\t<\/div>\n\t\t\t\t\t<\/div>\n\t\t<\/div>\n\t\t\t\t\t<\/div>\n\t\t<\/section>\n\t\t\t\t<section class=\"elementor-section elementor-top-section elementor-element elementor-element-39a25c8 elementor-section-boxed elementor-section-height-default elementor-section-height-default\" data-id=\"39a25c8\" data-element_type=\"section\" data-e-type=\"section\">\n\t\t\t\t\t\t<div class=\"elementor-container elementor-column-gap-default\">\n\t\t\t\t\t<div class=\"elementor-column elementor-col-100 elementor-top-column elementor-element elementor-element-893bff3\" data-id=\"893bff3\" data-element_type=\"column\" data-e-type=\"column\">\n\t\t\t<div class=\"elementor-widget-wrap elementor-element-populated\">\n\t\t\t\t\t\t<div class=\"elementor-element elementor-element-a3e97a2 elementor-widget elementor-widget-heading\" data-id=\"a3e97a2\" data-element_type=\"widget\" data-e-type=\"widget\" data-widget_type=\"heading.default\">\n\t\t\t\t<div class=\"elementor-widget-container\">\n\t\t\t\t\t<h2 class=\"elementor-heading-title elementor-size-default\">Melhore a Seguran\u00e7a nas Estradas com Nosso Kit de Ferramentas de Pr\u00e1ticas de Gest\u00e3o\n<\/h2>\t\t\t\t<\/div>\n\t\t\t\t<\/div>\n\t\t\t\t<div class=\"elementor-element elementor-element-25ecc56 elementor-widget elementor-widget-text-editor\" data-id=\"25ecc56\" data-element_type=\"widget\" data-e-type=\"widget\" data-widget_type=\"text-editor.default\">\n\t\t\t\t<div class=\"elementor-widget-container\">\n\t\t\t\t\t\t\t\t\t<p>Safeguard your fleet and every journey with Flexible Fleet Strategies Management Practice Toolkit. Designed to elevate road safety and reduce the frequency of accidents, our TIMA toolkit offers a proactive approach to identifying and mitigating safety risks.<\/p>\t\t\t\t\t\t\t\t<\/div>\n\t\t\t\t<\/div>\n\t\t\t\t\t<\/div>\n\t\t<\/div>\n\t\t\t\t\t<\/div>\n\t\t<\/section>\n\t\t\t\t<section class=\"elementor-section elementor-top-section elementor-element elementor-element-2b4e733 elementor-section-boxed elementor-section-height-default elementor-section-height-default\" data-id=\"2b4e733\" data-element_type=\"section\" data-e-type=\"section\" data-settings=\"{&quot;background_background&quot;:&quot;classic&quot;}\">\n\t\t\t\t\t\t<div class=\"elementor-container elementor-column-gap-default\">\n\t\t\t\t\t<div class=\"elementor-column elementor-col-100 elementor-top-column elementor-element elementor-element-e7115e8\" data-id=\"e7115e8\" data-element_type=\"column\" data-e-type=\"column\">\n\t\t\t<div class=\"elementor-widget-wrap elementor-element-populated\">\n\t\t\t\t\t\t<section class=\"elementor-section elementor-inner-section elementor-element elementor-element-8da3168 elementor-section-boxed elementor-section-height-default elementor-section-height-default\" data-id=\"8da3168\" data-element_type=\"section\" data-e-type=\"section\">\n\t\t\t\t\t\t<div class=\"elementor-container elementor-column-gap-default\">\n\t\t\t\t\t<div class=\"elementor-column elementor-col-50 elementor-inner-column elementor-element elementor-element-5048747\" data-id=\"5048747\" data-element_type=\"column\" data-e-type=\"column\" data-settings=\"{&quot;background_background&quot;:&quot;classic&quot;}\">\n\t\t\t<div class=\"elementor-widget-wrap elementor-element-populated\">\n\t\t\t\t\t\t<div class=\"elementor-element elementor-element-70f1535 elementor-position-top elementor-widget elementor-widget-image-box\" data-id=\"70f1535\" data-element_type=\"widget\" data-e-type=\"widget\" data-widget_type=\"image-box.default\">\n\t\t\t\t<div class=\"elementor-widget-container\">\n\t\t\t\t\t<div class=\"elementor-image-box-wrapper\"><figure class=\"elementor-image-box-img\"><img fetchpriority=\"high\" decoding=\"async\" width=\"300\" height=\"239\" src=\"https:\/\/www.flexiblefleetstrategies.com\/wp-content\/uploads\/2025\/05\/image-8.webp\" class=\"attachment-full size-full wp-image-905\" alt=\"\" srcset=\"https:\/\/www.flexiblefleetstrategies.com\/wp-content\/uploads\/2025\/05\/image-8.webp 300w, https:\/\/www.flexiblefleetstrategies.com\/wp-content\/uploads\/2025\/05\/image-8-15x12.webp 15w\" sizes=\"(max-width: 300px) 100vw, 300px\" \/><\/figure><div class=\"elementor-image-box-content\"><h3 class=\"elementor-image-box-title\">Identifica\u00e7\u00e3o de Problemas<\/h3><p class=\"elementor-image-box-description\">Na ind\u00fastria de log\u00edstica, a seguran\u00e7a \u00e9 primordial. As verifica\u00e7\u00f5es de seguran\u00e7a tradicionais podem ser infrequentes e muitas vezes n\u00e3o t\u00eam a profundidade necess\u00e1ria para descobrir todos os riscos potenciais, deixando motoristas e frotas vulner\u00e1veis.\n<\/p><\/div><\/div>\t\t\t\t<\/div>\n\t\t\t\t<\/div>\n\t\t\t\t\t<\/div>\n\t\t<\/div>\n\t\t\t\t<div class=\"elementor-column elementor-col-50 elementor-inner-column elementor-element elementor-element-6b91909\" data-id=\"6b91909\" data-element_type=\"column\" data-e-type=\"column\" data-settings=\"{&quot;background_background&quot;:&quot;classic&quot;}\">\n\t\t\t<div class=\"elementor-widget-wrap elementor-element-populated\">\n\t\t\t\t\t\t<div class=\"elementor-element elementor-element-a7ef5d7 elementor-position-top elementor-widget elementor-widget-image-box\" data-id=\"a7ef5d7\" data-element_type=\"widget\" data-e-type=\"widget\" data-widget_type=\"image-box.default\">\n\t\t\t\t<div class=\"elementor-widget-container\">\n\t\t\t\t\t<div class=\"elementor-image-box-wrapper\"><figure class=\"elementor-image-box-img\"><img fetchpriority=\"high\" decoding=\"async\" width=\"300\" height=\"239\" src=\"https:\/\/www.flexiblefleetstrategies.com\/wp-content\/uploads\/2025\/05\/image-8.webp\" class=\"attachment-full size-full wp-image-905\" alt=\"\" srcset=\"https:\/\/www.flexiblefleetstrategies.com\/wp-content\/uploads\/2025\/05\/image-8.webp 300w, https:\/\/www.flexiblefleetstrategies.com\/wp-content\/uploads\/2025\/05\/image-8-15x12.webp 15w\" sizes=\"(max-width: 300px) 100vw, 300px\" \/><\/figure><div class=\"elementor-image-box-content\"><h3 class=\"elementor-image-box-title\">Nossa Solu\u00e7\u00e3o<\/h3><p class=\"elementor-image-box-description\">Nosso kit de ferramentas TIMA aborda essas lacunas com um conjunto abrangente de ferramentas e pr\u00e1ticas projetadas para melhorar a seguran\u00e7a por meio de inspe\u00e7\u00f5es regulares e minuciosas e treinamento cont\u00ednuo de motoristas.\n<\/p><\/div><\/div>\t\t\t\t<\/div>\n\t\t\t\t<\/div>\n\t\t\t\t\t<\/div>\n\t\t<\/div>\n\t\t\t\t\t<\/div>\n\t\t<\/section>\n\t\t\t\t<section class=\"elementor-section elementor-inner-section elementor-element elementor-element-cf53722 elementor-section-boxed elementor-section-height-default elementor-section-height-default\" data-id=\"cf53722\" data-element_type=\"section\" data-e-type=\"section\">\n\t\t\t\t\t\t<div class=\"elementor-container elementor-column-gap-default\">\n\t\t\t\t\t<div class=\"elementor-column elementor-col-50 elementor-inner-column elementor-element elementor-element-be5df66\" data-id=\"be5df66\" data-element_type=\"column\" data-e-type=\"column\" data-settings=\"{&quot;background_background&quot;:&quot;classic&quot;}\">\n\t\t\t<div class=\"elementor-widget-wrap elementor-element-populated\">\n\t\t\t\t\t\t<div class=\"elementor-element elementor-element-478cde6 elementor-position-top elementor-widget elementor-widget-image-box\" data-id=\"478cde6\" data-element_type=\"widget\" data-e-type=\"widget\" data-widget_type=\"image-box.default\">\n\t\t\t\t<div class=\"elementor-widget-container\">\n\t\t\t\t\t<div class=\"elementor-image-box-wrapper\"><figure class=\"elementor-image-box-img\"><img fetchpriority=\"high\" decoding=\"async\" width=\"300\" height=\"239\" src=\"https:\/\/www.flexiblefleetstrategies.com\/wp-content\/uploads\/2025\/05\/image-8.webp\" class=\"attachment-full size-full wp-image-905\" alt=\"\" srcset=\"https:\/\/www.flexiblefleetstrategies.com\/wp-content\/uploads\/2025\/05\/image-8.webp 300w, https:\/\/www.flexiblefleetstrategies.com\/wp-content\/uploads\/2025\/05\/image-8-15x12.webp 15w\" sizes=\"(max-width: 300px) 100vw, 300px\" \/><\/figure><div class=\"elementor-image-box-content\"><h3 class=\"elementor-image-box-title\">Como Funciona<\/h3><p class=\"elementor-image-box-description\">Empoderamos os motoristas com as habilidades t\u00e9cnicas necess\u00e1rias para inspe\u00e7\u00f5es de seguran\u00e7a di\u00e1rias e mensais, garantindo que eles estejam bem equipados para manter os padr\u00f5es de seguran\u00e7a.\nNossos 47 pontos de inspe\u00e7\u00e3o de seguran\u00e7a ao vivo do TIMA v\u00e3o al\u00e9m das verifica\u00e7\u00f5es padr\u00e3o pr\u00e9-viagem, envolvendo t\u00e9cnicos qualificados em um exame minucioso do ve\u00edculo.\n<\/p><\/div><\/div>\t\t\t\t<\/div>\n\t\t\t\t<\/div>\n\t\t\t\t\t<\/div>\n\t\t<\/div>\n\t\t\t\t<div class=\"elementor-column elementor-col-50 elementor-inner-column elementor-element elementor-element-3516789\" data-id=\"3516789\" data-element_type=\"column\" data-e-type=\"column\" data-settings=\"{&quot;background_background&quot;:&quot;classic&quot;}\">\n\t\t\t<div class=\"elementor-widget-wrap elementor-element-populated\">\n\t\t\t\t\t\t<div class=\"elementor-element elementor-element-f6a399f elementor-position-top elementor-widget elementor-widget-image-box\" data-id=\"f6a399f\" data-element_type=\"widget\" data-e-type=\"widget\" data-widget_type=\"image-box.default\">\n\t\t\t\t<div class=\"elementor-widget-container\">\n\t\t\t\t\t<div class=\"elementor-image-box-wrapper\"><figure class=\"elementor-image-box-img\"><img fetchpriority=\"high\" decoding=\"async\" width=\"300\" height=\"239\" src=\"https:\/\/www.flexiblefleetstrategies.com\/wp-content\/uploads\/2025\/05\/image-8.webp\" class=\"attachment-full size-full wp-image-905\" alt=\"\" srcset=\"https:\/\/www.flexiblefleetstrategies.com\/wp-content\/uploads\/2025\/05\/image-8.webp 300w, https:\/\/www.flexiblefleetstrategies.com\/wp-content\/uploads\/2025\/05\/image-8-15x12.webp 15w\" sizes=\"(max-width: 300px) 100vw, 300px\" \/><\/figure><div class=\"elementor-image-box-content\"><h3 class=\"elementor-image-box-title\">O Que Oferecemos<\/h3><p class=\"elementor-image-box-description\">Tenha acesso a relat\u00f3rios detalhados na ponta dos dedos, que rastreiam tend\u00eancias de seguran\u00e7a, custos e notificam voc\u00ea sobre quaisquer itens que falhem nas verifica\u00e7\u00f5es de seguran\u00e7a pr\u00e9-definidas.\nNosso kit de ferramentas ajuda a identificar riscos de seguran\u00e7a potenciais antes que se tornem problemas, permitindo o design de medidas corretivas para gerenciar e melhorar a seguran\u00e7a de forma proativa.\n<\/p><\/div><\/div>\t\t\t\t<\/div>\n\t\t\t\t<\/div>\n\t\t\t\t\t<\/div>\n\t\t<\/div>\n\t\t\t\t\t<\/div>\n\t\t<\/section>\n\t\t\t\t\t<\/div>\n\t\t<\/div>\n\t\t\t\t\t<\/div>\n\t\t<\/section>\n\t\t\t\t<section class=\"elementor-section elementor-top-section elementor-element elementor-element-c01d1f3 elementor-section-boxed elementor-section-height-default elementor-section-height-default\" data-id=\"c01d1f3\" data-element_type=\"section\" data-e-type=\"section\">\n\t\t\t\t\t\t<div class=\"elementor-container elementor-column-gap-default\">\n\t\t\t\t\t<div class=\"elementor-column elementor-col-100 elementor-top-column elementor-element elementor-element-3a56c0b\" data-id=\"3a56c0b\" data-element_type=\"column\" data-e-type=\"column\">\n\t\t\t<div class=\"elementor-widget-wrap elementor-element-populated\">\n\t\t\t\t\t\t<section class=\"elementor-section elementor-inner-section elementor-element elementor-element-c7cecd8 elementor-section-boxed elementor-section-height-default elementor-section-height-default\" data-id=\"c7cecd8\" data-element_type=\"section\" data-e-type=\"section\">\n\t\t\t\t\t\t<div class=\"elementor-container elementor-column-gap-default\">\n\t\t\t\t\t<div class=\"elementor-column elementor-col-50 elementor-inner-column elementor-element elementor-element-606761f\" data-id=\"606761f\" data-element_type=\"column\" data-e-type=\"column\" data-settings=\"{&quot;background_background&quot;:&quot;classic&quot;}\">\n\t\t\t<div class=\"elementor-widget-wrap elementor-element-populated\">\n\t\t\t\t\t\t<div class=\"elementor-element elementor-element-461bc86 elementor-widget elementor-widget-heading\" data-id=\"461bc86\" data-element_type=\"widget\" data-e-type=\"widget\" data-widget_type=\"heading.default\">\n\t\t\t\t<div class=\"elementor-widget-container\">\n\t\t\t\t\t<h2 class=\"elementor-heading-title elementor-size-default\">Os Benef\u00edcios\n<\/h2>\t\t\t\t<\/div>\n\t\t\t\t<\/div>\n\t\t\t\t<div class=\"elementor-element elementor-element-7287072 elementor-widget elementor-widget-text-editor\" data-id=\"7287072\" data-element_type=\"widget\" data-e-type=\"widget\" data-widget_type=\"text-editor.default\">\n\t\t\t\t<div class=\"elementor-widget-container\">\n\t\t\t\t\t\t\t\t\tEleve os protocolos de seguran\u00e7a da sua frota com um sistema que incentiva verifica\u00e7\u00f5es e corre\u00e7\u00f5es regulares e abrangentes.\nAo abordar a seguran\u00e7a de forma proativa, o kit de ferramentas TIMA n\u00e3o apenas salva vidas, mas tamb\u00e9m contribui para a redu\u00e7\u00e3o dos custos operacionais, diminuindo a incid\u00eancia de acidentes e avarias.\n\t\t\t\t\t\t\t\t<\/div>\n\t\t\t\t<\/div>\n\t\t\t\t\t<\/div>\n\t\t<\/div>\n\t\t\t\t<div class=\"elementor-column elementor-col-50 elementor-inner-column elementor-element elementor-element-fa932f5\" data-id=\"fa932f5\" data-element_type=\"column\" data-e-type=\"column\" data-settings=\"{&quot;background_background&quot;:&quot;classic&quot;}\">\n\t\t\t<div class=\"elementor-widget-wrap elementor-element-populated\">\n\t\t\t\t\t\t<div class=\"elementor-element elementor-element-6b38e7e elementor-widget elementor-widget-heading\" data-id=\"6b38e7e\" data-element_type=\"widget\" data-e-type=\"widget\" data-widget_type=\"heading.default\">\n\t\t\t\t<div class=\"elementor-widget-container\">\n\t\t\t\t\t<h2 class=\"elementor-heading-title elementor-size-default\">Processo de Implementa\u00e7\u00e3o\n<\/h2>\t\t\t\t<\/div>\n\t\t\t\t<\/div>\n\t\t\t\t<div class=\"elementor-element elementor-element-88d2fc1 elementor-widget elementor-widget-text-editor\" data-id=\"88d2fc1\" data-element_type=\"widget\" data-e-type=\"widget\" data-widget_type=\"text-editor.default\">\n\t\t\t\t<div class=\"elementor-widget-container\">\n\t\t\t\t\t\t\t\t\tTrabalharemos com voc\u00ea para implementar o kit de ferramentas TIMA dentro de suas pr\u00e1ticas de gest\u00e3o de frota existentes, garantindo uma integra\u00e7\u00e3o suave.\nSeguran\u00e7a \u00e9 uma jornada cont\u00ednua. Nosso kit de ferramentas \u00e9 projetado para melhoria cont\u00ednua, mantendo os padr\u00f5es de seguran\u00e7a da sua frota na vanguarda das pr\u00e1ticas da ind\u00fastria.\n\t\t\t\t\t\t\t\t<\/div>\n\t\t\t\t<\/div>\n\t\t\t\t\t<\/div>\n\t\t<\/div>\n\t\t\t\t\t<\/div>\n\t\t<\/section>\n\t\t\t\t<div class=\"elementor-element elementor-element-e5aabc7 elementor-align-center elementor-widget elementor-widget-button\" data-id=\"e5aabc7\" data-element_type=\"widget\" data-e-type=\"widget\" data-widget_type=\"button.default\">\n\t\t\t\t<div class=\"elementor-widget-container\">\n\t\t\t\t\t\t\t\t\t<div class=\"elementor-button-wrapper\">\n\t\t\t\t\t<a class=\"elementor-button elementor-button-link elementor-size-sm\" href=\"https:\/\/www.flexiblefleetstrategies.com\/pt\/contact\/\">\n\t\t\t\t\t\t<span class=\"elementor-button-content-wrapper\">\n\t\t\t\t\t\t\t\t\t<span class=\"elementor-button-text\">Melhore a Seguran\u00e7a da Sua Frota Hoje<\/span>\n\t\t\t\t\t<\/span>\n\t\t\t\t\t<\/a>\n\t\t\t\t<\/div>\n\t\t\t\t\t\t\t\t<\/div>\n\t\t\t\t<\/div>\n\t\t\t\t\t<\/div>\n\t\t<\/div>\n\t\t\t\t\t<\/div>\n\t\t<\/section>\n\t\t\t\t<\/div>","protected":false},"excerpt":{"rendered":"<p>Management Practice Toolkit For Safer Roads Enhance Road Safety with Our Management Practice Toolkit Safeguard your fleet and every journey with Flexible Fleet Strategies Management Practice Toolkit. Designed to elevate road safety and reduce the frequency of accidents, our TIMA toolkit offers a proactive approach to identifying and mitigating safety risks. Problem Identification In the [&hellip;]<\/p>","protected":false},"author":1,"featured_media":0,"parent":0,"menu_order":0,"comment_status":"closed","ping_status":"closed","template":"elementor_header_footer","meta":{"footnotes":""},"class_list":["post-213","page","type-page","status-publish","hentry"],"_links":{"self":[{"href":"https:\/\/www.flexiblefleetstrategies.com\/pt\/wp-json\/wp\/v2\/pages\/213","targetHints":{"allow":["GET"]}}],"collection":[{"href":"https:\/\/www.flexiblefleetstrategies.com\/pt\/wp-json\/wp\/v2\/pages"}],"about":[{"href":"https:\/\/www.flexiblefleetstrategies.com\/pt\/wp-json\/wp\/v2\/types\/page"}],"author":[{"embeddable":true,"href":"https:\/\/www.flexiblefleetstrategies.com\/pt\/wp-json\/wp\/v2\/users\/1"}],"replies":[{"embeddable":true,"href":"https:\/\/www.flexiblefleetstrategies.com\/pt\/wp-json\/wp\/v2\/comments?post=213"}],"version-history":[{"count":19,"href":"https:\/\/www.flexiblefleetstrategies.com\/pt\/wp-json\/wp\/v2\/pages\/213\/revisions"}],"predecessor-version":[{"id":966,"href":"https:\/\/www.flexiblefleetstrategies.com\/pt\/wp-json\/wp\/v2\/pages\/213\/revisions\/966"}],"wp:attachment":[{"href":"https:\/\/www.flexiblefleetstrategies.com\/pt\/wp-json\/wp\/v2\/media?parent=213"}],"curies":[{"name":"wp","href":"https:\/\/api.w.org\/{rel}","templated":true}]}}