{"id":230,"date":"2023-03-20T12:23:38","date_gmt":"2023-03-20T12:23:38","guid":{"rendered":"https:\/\/www.flexiblefleetstrategies.com\/?page_id=230"},"modified":"2025-05-19T16:51:42","modified_gmt":"2025-05-19T16:51:42","slug":"licences-and-cof","status":"publish","type":"page","link":"https:\/\/www.flexiblefleetstrategies.com\/pt\/licences-and-cof\/","title":{"rendered":"Licen\u00e7as e Certificados de Opera\u00e7\u00e3o de Frota (COF)"},"content":{"rendered":"<div data-elementor-type=\"wp-page\" data-elementor-id=\"230\" class=\"elementor elementor-230\" data-elementor-post-type=\"page\">\n\t\t\t\t\t\t<section class=\"elementor-section elementor-top-section elementor-element elementor-element-06bbad2 elementor-section-boxed elementor-section-height-default elementor-section-height-default\" data-id=\"06bbad2\" data-element_type=\"section\" data-e-type=\"section\">\n\t\t\t\t\t\t<div class=\"elementor-container elementor-column-gap-default\">\n\t\t\t\t\t<div class=\"elementor-column elementor-col-50 elementor-top-column elementor-element elementor-element-4fccee0\" data-id=\"4fccee0\" data-element_type=\"column\" data-e-type=\"column\">\n\t\t\t<div class=\"elementor-widget-wrap elementor-element-populated\">\n\t\t\t\t\t\t<div class=\"elementor-element elementor-element-cd3a278 elementor-widget elementor-widget-image\" data-id=\"cd3a278\" data-element_type=\"widget\" data-e-type=\"widget\" data-widget_type=\"image.default\">\n\t\t\t\t<div class=\"elementor-widget-container\">\n\t\t\t\t\t\t\t\t\t\t\t\t\t\t\t<img fetchpriority=\"high\" decoding=\"async\" width=\"1366\" height=\"833\" src=\"https:\/\/www.flexiblefleetstrategies.com\/wp-content\/uploads\/2023\/03\/truck-at-sunset-2022-11-16-17-03-32-utc.jpg\" class=\"attachment-full size-full wp-image-232\" alt=\"\" srcset=\"https:\/\/www.flexiblefleetstrategies.com\/wp-content\/uploads\/2023\/03\/truck-at-sunset-2022-11-16-17-03-32-utc.jpg 1366w, https:\/\/www.flexiblefleetstrategies.com\/wp-content\/uploads\/2023\/03\/truck-at-sunset-2022-11-16-17-03-32-utc-300x183.jpg 300w, https:\/\/www.flexiblefleetstrategies.com\/wp-content\/uploads\/2023\/03\/truck-at-sunset-2022-11-16-17-03-32-utc-1024x624.jpg 1024w, https:\/\/www.flexiblefleetstrategies.com\/wp-content\/uploads\/2023\/03\/truck-at-sunset-2022-11-16-17-03-32-utc-768x468.jpg 768w\" sizes=\"(max-width: 1366px) 100vw, 1366px\" \/>\t\t\t\t\t\t\t\t\t\t\t\t\t\t\t<\/div>\n\t\t\t\t<\/div>\n\t\t\t\t\t<\/div>\n\t\t<\/div>\n\t\t\t\t<div class=\"elementor-column elementor-col-50 elementor-top-column elementor-element elementor-element-0824f77\" data-id=\"0824f77\" data-element_type=\"column\" data-e-type=\"column\">\n\t\t\t<div class=\"elementor-widget-wrap elementor-element-populated\">\n\t\t\t\t\t\t<div class=\"elementor-element elementor-element-04dcc2b elementor-widget elementor-widget-heading\" data-id=\"04dcc2b\" data-element_type=\"widget\" data-e-type=\"widget\" data-widget_type=\"heading.default\">\n\t\t\t\t<div class=\"elementor-widget-container\">\n\t\t\t\t\t<h2 class=\"elementor-heading-title elementor-size-default\">Simplificando a Conformidade da Sua Frota com Renova\u00e7\u00f5es de Licen\u00e7a e COF\n<\/h2>\t\t\t\t<\/div>\n\t\t\t\t<\/div>\n\t\t\t\t<div class=\"elementor-element elementor-element-9b41672 elementor-widget elementor-widget-text-editor\" data-id=\"9b41672\" data-element_type=\"widget\" data-e-type=\"widget\" data-widget_type=\"text-editor.default\">\n\t\t\t\t<div class=\"elementor-widget-container\">\n\t\t\t\t\t\t\t\t\t<p>Navigate the complexities of fleet compliance with ease. Flexible Fleet Strategies bespoke service takes the hassle out of license and Certificate of Fitness (COF) renewals, especially for those operating in rural areas. We ensure your fleet stays legal and ready for the road.<\/p>\t\t\t\t\t\t\t\t<\/div>\n\t\t\t\t<\/div>\n\t\t\t\t\t<\/div>\n\t\t<\/div>\n\t\t\t\t\t<\/div>\n\t\t<\/section>\n\t\t\t\t<section class=\"elementor-section elementor-top-section elementor-element elementor-element-a2ae3a0 elementor-section-boxed elementor-section-height-default elementor-section-height-default\" data-id=\"a2ae3a0\" data-element_type=\"section\" data-e-type=\"section\" data-settings=\"{&quot;background_background&quot;:&quot;classic&quot;}\">\n\t\t\t\t\t\t<div class=\"elementor-container elementor-column-gap-default\">\n\t\t\t\t\t<div class=\"elementor-column elementor-col-100 elementor-top-column elementor-element elementor-element-6f98110\" data-id=\"6f98110\" data-element_type=\"column\" data-e-type=\"column\">\n\t\t\t<div class=\"elementor-widget-wrap elementor-element-populated\">\n\t\t\t\t\t\t<section class=\"elementor-section elementor-inner-section elementor-element elementor-element-3511fdf elementor-section-boxed elementor-section-height-default elementor-section-height-default\" data-id=\"3511fdf\" data-element_type=\"section\" data-e-type=\"section\">\n\t\t\t\t\t\t<div class=\"elementor-container elementor-column-gap-default\">\n\t\t\t\t\t<div class=\"elementor-column elementor-col-50 elementor-inner-column elementor-element elementor-element-b6de43d\" data-id=\"b6de43d\" data-element_type=\"column\" data-e-type=\"column\" data-settings=\"{&quot;background_background&quot;:&quot;classic&quot;}\">\n\t\t\t<div class=\"elementor-widget-wrap elementor-element-populated\">\n\t\t\t\t\t\t<div class=\"elementor-element elementor-element-12497d2 elementor-position-top elementor-widget elementor-widget-image-box\" data-id=\"12497d2\" data-element_type=\"widget\" data-e-type=\"widget\" data-widget_type=\"image-box.default\">\n\t\t\t\t<div class=\"elementor-widget-container\">\n\t\t\t\t\t<div class=\"elementor-image-box-wrapper\"><figure class=\"elementor-image-box-img\"><img decoding=\"async\" width=\"300\" height=\"239\" src=\"https:\/\/www.flexiblefleetstrategies.com\/wp-content\/uploads\/2025\/05\/image-8.webp\" class=\"attachment-full size-full wp-image-905\" alt=\"\" srcset=\"https:\/\/www.flexiblefleetstrategies.com\/wp-content\/uploads\/2025\/05\/image-8.webp 300w, https:\/\/www.flexiblefleetstrategies.com\/wp-content\/uploads\/2025\/05\/image-8-15x12.webp 15w\" sizes=\"(max-width: 300px) 100vw, 300px\" \/><\/figure><div class=\"elementor-image-box-content\"><h3 class=\"elementor-image-box-title\">Identifica\u00e7\u00e3o de Problemas<\/h3><p class=\"elementor-image-box-description\">Manter-se atualizado com as tarefas administrativas de renova\u00e7\u00e3o de licen\u00e7as e verifica\u00e7\u00e3o de condi\u00e7\u00f5es de rodagem pode ser demorado, especialmente para frotas que atravessam \u00e1reas rurais.\n<\/p><\/div><\/div>\t\t\t\t<\/div>\n\t\t\t\t<\/div>\n\t\t\t\t\t<\/div>\n\t\t<\/div>\n\t\t\t\t<div class=\"elementor-column elementor-col-50 elementor-inner-column elementor-element elementor-element-eca5ae9\" data-id=\"eca5ae9\" data-element_type=\"column\" data-e-type=\"column\" data-settings=\"{&quot;background_background&quot;:&quot;classic&quot;}\">\n\t\t\t<div class=\"elementor-widget-wrap elementor-element-populated\">\n\t\t\t\t\t\t<div class=\"elementor-element elementor-element-d8b0e64 elementor-position-top elementor-widget elementor-widget-image-box\" data-id=\"d8b0e64\" data-element_type=\"widget\" data-e-type=\"widget\" data-widget_type=\"image-box.default\">\n\t\t\t\t<div class=\"elementor-widget-container\">\n\t\t\t\t\t<div class=\"elementor-image-box-wrapper\"><figure class=\"elementor-image-box-img\"><img decoding=\"async\" width=\"300\" height=\"239\" src=\"https:\/\/www.flexiblefleetstrategies.com\/wp-content\/uploads\/2025\/05\/image-8.webp\" class=\"attachment-full size-full wp-image-905\" alt=\"\" srcset=\"https:\/\/www.flexiblefleetstrategies.com\/wp-content\/uploads\/2025\/05\/image-8.webp 300w, https:\/\/www.flexiblefleetstrategies.com\/wp-content\/uploads\/2025\/05\/image-8-15x12.webp 15w\" sizes=\"(max-width: 300px) 100vw, 300px\" \/><\/figure><div class=\"elementor-image-box-content\"><h3 class=\"elementor-image-box-title\">Nossa Solu\u00e7\u00e3o<\/h3><p class=\"elementor-image-box-description\">Flexible Fleet Strategies offers a comprehensive service to manage and renew your fleet's licenses and Road Fitness Certificates annually, ensuring your vehicles meet all regulatory requirements without interruption to your operations.\n<\/p><\/div><\/div>\t\t\t\t<\/div>\n\t\t\t\t<\/div>\n\t\t\t\t\t<\/div>\n\t\t<\/div>\n\t\t\t\t\t<\/div>\n\t\t<\/section>\n\t\t\t\t<section class=\"elementor-section elementor-inner-section elementor-element elementor-element-60dfbea elementor-section-boxed elementor-section-height-default elementor-section-height-default\" data-id=\"60dfbea\" data-element_type=\"section\" data-e-type=\"section\">\n\t\t\t\t\t\t<div class=\"elementor-container elementor-column-gap-default\">\n\t\t\t\t\t<div class=\"elementor-column elementor-col-50 elementor-inner-column elementor-element elementor-element-1913a74\" data-id=\"1913a74\" data-element_type=\"column\" data-e-type=\"column\" data-settings=\"{&quot;background_background&quot;:&quot;classic&quot;}\">\n\t\t\t<div class=\"elementor-widget-wrap elementor-element-populated\">\n\t\t\t\t\t\t<div class=\"elementor-element elementor-element-0ff69ce elementor-position-top elementor-widget elementor-widget-image-box\" data-id=\"0ff69ce\" data-element_type=\"widget\" data-e-type=\"widget\" data-widget_type=\"image-box.default\">\n\t\t\t\t<div class=\"elementor-widget-container\">\n\t\t\t\t\t<div class=\"elementor-image-box-wrapper\"><figure class=\"elementor-image-box-img\"><img decoding=\"async\" width=\"300\" height=\"239\" src=\"https:\/\/www.flexiblefleetstrategies.com\/wp-content\/uploads\/2025\/05\/image-8.webp\" class=\"attachment-full size-full wp-image-905\" alt=\"\" srcset=\"https:\/\/www.flexiblefleetstrategies.com\/wp-content\/uploads\/2025\/05\/image-8.webp 300w, https:\/\/www.flexiblefleetstrategies.com\/wp-content\/uploads\/2025\/05\/image-8-15x12.webp 15w\" sizes=\"(max-width: 300px) 100vw, 300px\" \/><\/figure><div class=\"elementor-image-box-content\"><h3 class=\"elementor-image-box-title\">Como Funciona<\/h3><p class=\"elementor-image-box-description\">Cuidamos do processo anual de renova\u00e7\u00e3o de licen\u00e7as e instala\u00e7\u00f5es, bem como dos Certificados de Aptid\u00e3o Rodovi\u00e1ria, mantendo a conformidade e a aptid\u00e3o para a estrada da sua frota.\nNossos especialistas preparam seus reboques para atender a todas as especifica\u00e7\u00f5es de seguran\u00e7a rodovi\u00e1ria, realizando verifica\u00e7\u00f5es completas e atualiza\u00e7\u00f5es conforme necess\u00e1rio para total conformidade.\n<\/p><\/div><\/div>\t\t\t\t<\/div>\n\t\t\t\t<\/div>\n\t\t\t\t\t<\/div>\n\t\t<\/div>\n\t\t\t\t<div class=\"elementor-column elementor-col-50 elementor-inner-column elementor-element elementor-element-7d7e0ed\" data-id=\"7d7e0ed\" data-element_type=\"column\" data-e-type=\"column\" data-settings=\"{&quot;background_background&quot;:&quot;classic&quot;}\">\n\t\t\t<div class=\"elementor-widget-wrap elementor-element-populated\">\n\t\t\t\t\t\t<div class=\"elementor-element elementor-element-d130f54 elementor-position-top elementor-widget elementor-widget-image-box\" data-id=\"d130f54\" data-element_type=\"widget\" data-e-type=\"widget\" data-widget_type=\"image-box.default\">\n\t\t\t\t<div class=\"elementor-widget-container\">\n\t\t\t\t\t<div class=\"elementor-image-box-wrapper\"><figure class=\"elementor-image-box-img\"><img decoding=\"async\" width=\"300\" height=\"239\" src=\"https:\/\/www.flexiblefleetstrategies.com\/wp-content\/uploads\/2025\/05\/image-8.webp\" class=\"attachment-full size-full wp-image-905\" alt=\"\" srcset=\"https:\/\/www.flexiblefleetstrategies.com\/wp-content\/uploads\/2025\/05\/image-8.webp 300w, https:\/\/www.flexiblefleetstrategies.com\/wp-content\/uploads\/2025\/05\/image-8-15x12.webp 15w\" sizes=\"(max-width: 300px) 100vw, 300px\" \/><\/figure><div class=\"elementor-image-box-content\"><h3 class=\"elementor-image-box-title\">O Que Oferecemos<\/h3><p class=\"elementor-image-box-description\">Nossos servi\u00e7os s\u00e3o projetados tendo em mente as necessidades \u00fanicas das opera\u00e7\u00f5es baseadas em \u00e1reas rurais, fornecendo uma solu\u00e7\u00e3o confi\u00e1vel, n\u00e3o importa onde sua frota esteja localizada.\nFique tranquilo sabendo que toda a documenta\u00e7\u00e3o e verifica\u00e7\u00f5es regulat\u00f3rias s\u00e3o gerenciadas de forma eficiente, garantindo que sua frota esteja em conformidade com os mais recentes padr\u00f5es de seguran\u00e7a.\n<\/p><\/div><\/div>\t\t\t\t<\/div>\n\t\t\t\t<\/div>\n\t\t\t\t\t<\/div>\n\t\t<\/div>\n\t\t\t\t\t<\/div>\n\t\t<\/section>\n\t\t\t\t\t<\/div>\n\t\t<\/div>\n\t\t\t\t\t<\/div>\n\t\t<\/section>\n\t\t\t\t<section class=\"elementor-section elementor-top-section elementor-element elementor-element-769491c elementor-section-boxed elementor-section-height-default elementor-section-height-default\" data-id=\"769491c\" data-element_type=\"section\" data-e-type=\"section\">\n\t\t\t\t\t\t<div class=\"elementor-container elementor-column-gap-default\">\n\t\t\t\t\t<div class=\"elementor-column elementor-col-100 elementor-top-column elementor-element elementor-element-7e58c69\" data-id=\"7e58c69\" data-element_type=\"column\" data-e-type=\"column\">\n\t\t\t<div class=\"elementor-widget-wrap elementor-element-populated\">\n\t\t\t\t\t\t<section class=\"elementor-section elementor-inner-section elementor-element elementor-element-1ec6622 elementor-section-boxed elementor-section-height-default elementor-section-height-default\" data-id=\"1ec6622\" data-element_type=\"section\" data-e-type=\"section\">\n\t\t\t\t\t\t<div class=\"elementor-container elementor-column-gap-default\">\n\t\t\t\t\t<div class=\"elementor-column elementor-col-50 elementor-inner-column elementor-element elementor-element-fb6cab3\" data-id=\"fb6cab3\" data-element_type=\"column\" data-e-type=\"column\" data-settings=\"{&quot;background_background&quot;:&quot;classic&quot;}\">\n\t\t\t<div class=\"elementor-widget-wrap elementor-element-populated\">\n\t\t\t\t\t\t<div class=\"elementor-element elementor-element-c1215c4 elementor-widget elementor-widget-heading\" data-id=\"c1215c4\" data-element_type=\"widget\" data-e-type=\"widget\" data-widget_type=\"heading.default\">\n\t\t\t\t<div class=\"elementor-widget-container\">\n\t\t\t\t\t<h2 class=\"elementor-heading-title elementor-size-default\">Os Benef\u00edcios\n<\/h2>\t\t\t\t<\/div>\n\t\t\t\t<\/div>\n\t\t\t\t<div class=\"elementor-element elementor-element-fb3b838 elementor-widget elementor-widget-text-editor\" data-id=\"fb3b838\" data-element_type=\"widget\" data-e-type=\"widget\" data-widget_type=\"text-editor.default\">\n\t\t\t\t<div class=\"elementor-widget-container\">\n\t\t\t\t\t\t\t\t\tLiberte-se das complexidades da conformidade. Nosso servi\u00e7o dedicado significa que voc\u00ea nunca precisa se preocupar com a validade das licen\u00e7as e COFs da sua frota.\nEvite os riscos de n\u00e3o conformidade, como multas ou atrasos operacionais. Nosso servi\u00e7o garante que sua frota permane\u00e7a em movimento, em conformidade e em \u00f3timas condi\u00e7\u00f5es.\n\t\t\t\t\t\t\t\t<\/div>\n\t\t\t\t<\/div>\n\t\t\t\t\t<\/div>\n\t\t<\/div>\n\t\t\t\t<div class=\"elementor-column elementor-col-50 elementor-inner-column elementor-element elementor-element-5d6fc2c\" data-id=\"5d6fc2c\" data-element_type=\"column\" data-e-type=\"column\" data-settings=\"{&quot;background_background&quot;:&quot;classic&quot;}\">\n\t\t\t<div class=\"elementor-widget-wrap elementor-element-populated\">\n\t\t\t\t\t\t<div class=\"elementor-element elementor-element-769d9fa elementor-widget elementor-widget-heading\" data-id=\"769d9fa\" data-element_type=\"widget\" data-e-type=\"widget\" data-widget_type=\"heading.default\">\n\t\t\t\t<div class=\"elementor-widget-container\">\n\t\t\t\t\t<h2 class=\"elementor-heading-title elementor-size-default\">Processo de Implementa\u00e7\u00e3o\n<\/h2>\t\t\t\t<\/div>\n\t\t\t\t<\/div>\n\t\t\t\t<div class=\"elementor-element elementor-element-186d946 elementor-widget elementor-widget-text-editor\" data-id=\"186d946\" data-element_type=\"widget\" data-e-type=\"widget\" data-widget_type=\"text-editor.default\">\n\t\t\t\t<div class=\"elementor-widget-container\">\n\t\t\t\t\t\t\t\t\tContate-nos para configurar seu servi\u00e7o de renova\u00e7\u00e3o anual. N\u00f3s reuniremos todas as informa\u00e7\u00f5es necess\u00e1rias e cuidaremos do resto, mantendo voc\u00ea informado a cada etapa do caminho.\nNosso servi\u00e7o n\u00e3o \u00e9 apenas uma conveni\u00eancia \u00fanica. Oferecemos gest\u00e3o cont\u00ednua, garantindo que as licen\u00e7as e COFs da sua frota estejam sempre atualizados.\n\t\t\t\t\t\t\t\t<\/div>\n\t\t\t\t<\/div>\n\t\t\t\t\t<\/div>\n\t\t<\/div>\n\t\t\t\t\t<\/div>\n\t\t<\/section>\n\t\t\t\t<div class=\"elementor-element elementor-element-ffe5312 elementor-align-center elementor-widget elementor-widget-button\" data-id=\"ffe5312\" data-element_type=\"widget\" data-e-type=\"widget\" data-widget_type=\"button.default\">\n\t\t\t\t<div class=\"elementor-widget-container\">\n\t\t\t\t\t\t\t\t\t<div class=\"elementor-button-wrapper\">\n\t\t\t\t\t<a class=\"elementor-button elementor-button-link elementor-size-sm\" href=\"https:\/\/www.flexiblefleetstrategies.com\/pt\/contact\/\">\n\t\t\t\t\t\t<span class=\"elementor-button-content-wrapper\">\n\t\t\t\t\t\t\t\t\t<span class=\"elementor-button-text\">Garanta a Conformidade da Sua Frota<\/span>\n\t\t\t\t\t<\/span>\n\t\t\t\t\t<\/a>\n\t\t\t\t<\/div>\n\t\t\t\t\t\t\t\t<\/div>\n\t\t\t\t<\/div>\n\t\t\t\t\t<\/div>\n\t\t<\/div>\n\t\t\t\t\t<\/div>\n\t\t<\/section>\n\t\t\t\t<\/div>","protected":false},"excerpt":{"rendered":"<p>Streamlining Your Fleet Compliance with Licence and COF Renewals Navigate the complexities of fleet compliance with ease. Flexible Fleet Strategies bespoke service takes the hassle out of license and Certificate of Fitness (COF) renewals, especially for those operating in rural areas. We ensure your fleet stays legal and ready for the road. Problem Identification Keeping [&hellip;]<\/p>","protected":false},"author":1,"featured_media":0,"parent":0,"menu_order":0,"comment_status":"closed","ping_status":"closed","template":"elementor_header_footer","meta":{"footnotes":""},"class_list":["post-230","page","type-page","status-publish","hentry"],"_links":{"self":[{"href":"https:\/\/www.flexiblefleetstrategies.com\/pt\/wp-json\/wp\/v2\/pages\/230","targetHints":{"allow":["GET"]}}],"collection":[{"href":"https:\/\/www.flexiblefleetstrategies.com\/pt\/wp-json\/wp\/v2\/pages"}],"about":[{"href":"https:\/\/www.flexiblefleetstrategies.com\/pt\/wp-json\/wp\/v2\/types\/page"}],"author":[{"embeddable":true,"href":"https:\/\/www.flexiblefleetstrategies.com\/pt\/wp-json\/wp\/v2\/users\/1"}],"replies":[{"embeddable":true,"href":"https:\/\/www.flexiblefleetstrategies.com\/pt\/wp-json\/wp\/v2\/comments?post=230"}],"version-history":[{"count":19,"href":"https:\/\/www.flexiblefleetstrategies.com\/pt\/wp-json\/wp\/v2\/pages\/230\/revisions"}],"predecessor-version":[{"id":969,"href":"https:\/\/www.flexiblefleetstrategies.com\/pt\/wp-json\/wp\/v2\/pages\/230\/revisions\/969"}],"wp:attachment":[{"href":"https:\/\/www.flexiblefleetstrategies.com\/pt\/wp-json\/wp\/v2\/media?parent=230"}],"curies":[{"name":"wp","href":"https:\/\/api.w.org\/{rel}","templated":true}]}}