{"id":276,"date":"2023-03-20T12:33:56","date_gmt":"2023-03-20T12:33:56","guid":{"rendered":"https:\/\/www.flexiblefleetstrategies.com\/?page_id=276"},"modified":"2023-03-20T13:39:19","modified_gmt":"2023-03-20T13:39:19","slug":"social-responsibility","status":"publish","type":"page","link":"https:\/\/www.flexiblefleetstrategies.com\/pt\/social-responsibility\/","title":{"rendered":"Social Responsibility"},"content":{"rendered":"<div data-elementor-type=\"wp-page\" data-elementor-id=\"276\" class=\"elementor elementor-276\" data-elementor-post-type=\"page\">\n\t\t\t\t\t\t<section class=\"elementor-section elementor-top-section elementor-element elementor-element-a0d8594 elementor-section-boxed elementor-section-height-default elementor-section-height-default\" data-id=\"a0d8594\" data-element_type=\"section\" data-e-type=\"section\">\n\t\t\t\t\t\t<div class=\"elementor-container elementor-column-gap-default\">\n\t\t\t\t\t<div class=\"elementor-column elementor-col-100 elementor-top-column elementor-element elementor-element-c7aff7e\" data-id=\"c7aff7e\" data-element_type=\"column\" data-e-type=\"column\">\n\t\t\t<div class=\"elementor-widget-wrap elementor-element-populated\">\n\t\t\t\t\t\t<div class=\"elementor-element elementor-element-f7dcdb2 elementor-widget elementor-widget-heading\" data-id=\"f7dcdb2\" data-element_type=\"widget\" data-e-type=\"widget\" data-widget_type=\"heading.default\">\n\t\t\t\t<div class=\"elementor-widget-container\">\n\t\t\t\t\t<h2 class=\"elementor-heading-title elementor-size-default\">\nEsquema de alimenta\u00e7\u00e3o di\u00e1ria - 250 crian\u00e7as por dia em Montagu, Western Cape<\/h2>\t\t\t\t<\/div>\n\t\t\t\t<\/div>\n\t\t\t\t<div class=\"elementor-element elementor-element-8185936 elementor-widget elementor-widget-gallery\" data-id=\"8185936\" data-element_type=\"widget\" data-e-type=\"widget\" data-settings=\"{&quot;gallery_layout&quot;:&quot;masonry&quot;,&quot;columns&quot;:2,&quot;lazyload&quot;:&quot;yes&quot;,&quot;columns_tablet&quot;:2,&quot;columns_mobile&quot;:1,&quot;gap&quot;:{&quot;unit&quot;:&quot;px&quot;,&quot;size&quot;:10,&quot;sizes&quot;:[]},&quot;gap_tablet&quot;:{&quot;unit&quot;:&quot;px&quot;,&quot;size&quot;:10,&quot;sizes&quot;:[]},&quot;gap_mobile&quot;:{&quot;unit&quot;:&quot;px&quot;,&quot;size&quot;:10,&quot;sizes&quot;:[]},&quot;link_to&quot;:&quot;file&quot;,&quot;overlay_background&quot;:&quot;yes&quot;,&quot;content_hover_animation&quot;:&quot;fade-in&quot;}\" data-widget_type=\"gallery.default\">\n\t\t\t\t<div class=\"elementor-widget-container\">\n\t\t\t\t\t\t\t<div class=\"elementor-gallery__container\">\n\t\t\t\t\t\t\t<a class=\"e-gallery-item elementor-gallery-item elementor-animated-content\" href=\"https:\/\/www.flexiblefleetstrategies.com\/wp-content\/uploads\/2023\/03\/Taasa-3.jpg\" data-elementor-open-lightbox=\"yes\" data-elementor-lightbox-slideshow=\"8185936\" data-elementor-lightbox-title=\"Taasa 3\" data-e-action-hash=\"#elementor-action%3Aaction%3Dlightbox%26settings%3DeyJpZCI6Mjg1LCJ1cmwiOiJodHRwczpcL1wvd3d3LmZsZXhpYmxlZmxlZXRzdHJhdGVnaWVzLmNvbVwvd3AtY29udGVudFwvdXBsb2Fkc1wvMjAyM1wvMDNcL1RhYXNhLTMuanBnIiwic2xpZGVzaG93IjoiODE4NTkzNiJ9\">\n\t\t\t\t\t<div class=\"e-gallery-image elementor-gallery-item__image\" data-thumbnail=\"https:\/\/www.flexiblefleetstrategies.com\/wp-content\/uploads\/2023\/03\/Taasa-3.jpg\" data-width=\"241\" data-height=\"184\" aria-label=\"\" role=\"img\" ><\/div>\n\t\t\t\t\t\t\t\t\t\t\t<div class=\"elementor-gallery-item__overlay\"><\/div>\n\t\t\t\t\t\t\t\t\t\t\t\t\t\t<\/a>\n\t\t\t\t\t\t\t<a class=\"e-gallery-item elementor-gallery-item elementor-animated-content\" href=\"https:\/\/www.flexiblefleetstrategies.com\/wp-content\/uploads\/2023\/03\/Taasa-2.png\" data-elementor-open-lightbox=\"yes\" data-elementor-lightbox-slideshow=\"8185936\" data-elementor-lightbox-title=\"Taasa 2\" data-e-action-hash=\"#elementor-action%3Aaction%3Dlightbox%26settings%3DeyJpZCI6Mjg0LCJ1cmwiOiJodHRwczpcL1wvd3d3LmZsZXhpYmxlZmxlZXRzdHJhdGVnaWVzLmNvbVwvd3AtY29udGVudFwvdXBsb2Fkc1wvMjAyM1wvMDNcL1RhYXNhLTIucG5nIiwic2xpZGVzaG93IjoiODE4NTkzNiJ9\">\n\t\t\t\t\t<div class=\"e-gallery-image elementor-gallery-item__image\" data-thumbnail=\"https:\/\/www.flexiblefleetstrategies.com\/wp-content\/uploads\/2023\/03\/Taasa-2-300x239.png\" data-width=\"300\" data-height=\"239\" aria-label=\"\" role=\"img\" ><\/div>\n\t\t\t\t\t\t\t\t\t\t\t<div class=\"elementor-gallery-item__overlay\"><\/div>\n\t\t\t\t\t\t\t\t\t\t\t\t\t\t<\/a>\n\t\t\t\t\t\t\t<a class=\"e-gallery-item elementor-gallery-item elementor-animated-content\" href=\"https:\/\/www.flexiblefleetstrategies.com\/wp-content\/uploads\/2023\/03\/Taasa-8.png\" data-elementor-open-lightbox=\"yes\" data-elementor-lightbox-slideshow=\"8185936\" data-elementor-lightbox-title=\"Taasa 8\" data-e-action-hash=\"#elementor-action%3Aaction%3Dlightbox%26settings%3DeyJpZCI6MjgzLCJ1cmwiOiJodHRwczpcL1wvd3d3LmZsZXhpYmxlZmxlZXRzdHJhdGVnaWVzLmNvbVwvd3AtY29udGVudFwvdXBsb2Fkc1wvMjAyM1wvMDNcL1RhYXNhLTgucG5nIiwic2xpZGVzaG93IjoiODE4NTkzNiJ9\">\n\t\t\t\t\t<div class=\"e-gallery-image elementor-gallery-item__image\" data-thumbnail=\"https:\/\/www.flexiblefleetstrategies.com\/wp-content\/uploads\/2023\/03\/Taasa-8-300x202.png\" data-width=\"300\" data-height=\"202\" aria-label=\"\" role=\"img\" ><\/div>\n\t\t\t\t\t\t\t\t\t\t\t<div class=\"elementor-gallery-item__overlay\"><\/div>\n\t\t\t\t\t\t\t\t\t\t\t\t\t\t<\/a>\n\t\t\t\t\t\t\t<a class=\"e-gallery-item elementor-gallery-item elementor-animated-content\" href=\"https:\/\/www.flexiblefleetstrategies.com\/wp-content\/uploads\/2023\/03\/Taasa-7.png\" data-elementor-open-lightbox=\"yes\" data-elementor-lightbox-slideshow=\"8185936\" data-elementor-lightbox-title=\"Taasa 7\" data-e-action-hash=\"#elementor-action%3Aaction%3Dlightbox%26settings%3DeyJpZCI6MjgyLCJ1cmwiOiJodHRwczpcL1wvd3d3LmZsZXhpYmxlZmxlZXRzdHJhdGVnaWVzLmNvbVwvd3AtY29udGVudFwvdXBsb2Fkc1wvMjAyM1wvMDNcL1RhYXNhLTcucG5nIiwic2xpZGVzaG93IjoiODE4NTkzNiJ9\">\n\t\t\t\t\t<div class=\"e-gallery-image elementor-gallery-item__image\" data-thumbnail=\"https:\/\/www.flexiblefleetstrategies.com\/wp-content\/uploads\/2023\/03\/Taasa-7-300x206.png\" data-width=\"300\" data-height=\"206\" aria-label=\"\" role=\"img\" ><\/div>\n\t\t\t\t\t\t\t\t\t\t\t<div class=\"elementor-gallery-item__overlay\"><\/div>\n\t\t\t\t\t\t\t\t\t\t\t\t\t\t<\/a>\n\t\t\t\t\t\t\t<a class=\"e-gallery-item elementor-gallery-item elementor-animated-content\" href=\"https:\/\/www.flexiblefleetstrategies.com\/wp-content\/uploads\/2023\/03\/Taasa-10.png\" data-elementor-open-lightbox=\"yes\" data-elementor-lightbox-slideshow=\"8185936\" data-elementor-lightbox-title=\"Taasa 10\" data-e-action-hash=\"#elementor-action%3Aaction%3Dlightbox%26settings%3DeyJpZCI6MjgxLCJ1cmwiOiJodHRwczpcL1wvd3d3LmZsZXhpYmxlZmxlZXRzdHJhdGVnaWVzLmNvbVwvd3AtY29udGVudFwvdXBsb2Fkc1wvMjAyM1wvMDNcL1RhYXNhLTEwLnBuZyIsInNsaWRlc2hvdyI6IjgxODU5MzYifQ%3D%3D\">\n\t\t\t\t\t<div class=\"e-gallery-image elementor-gallery-item__image\" data-thumbnail=\"https:\/\/www.flexiblefleetstrategies.com\/wp-content\/uploads\/2023\/03\/Taasa-10-245x300.png\" data-width=\"245\" data-height=\"300\" aria-label=\"\" role=\"img\" ><\/div>\n\t\t\t\t\t\t\t\t\t\t\t<div class=\"elementor-gallery-item__overlay\"><\/div>\n\t\t\t\t\t\t\t\t\t\t\t\t\t\t<\/a>\n\t\t\t\t\t\t\t<a class=\"e-gallery-item elementor-gallery-item elementor-animated-content\" href=\"https:\/\/www.flexiblefleetstrategies.com\/wp-content\/uploads\/2023\/03\/Taasa-6.png\" data-elementor-open-lightbox=\"yes\" data-elementor-lightbox-slideshow=\"8185936\" data-elementor-lightbox-title=\"Taasa 6\" data-e-action-hash=\"#elementor-action%3Aaction%3Dlightbox%26settings%3DeyJpZCI6MjgwLCJ1cmwiOiJodHRwczpcL1wvd3d3LmZsZXhpYmxlZmxlZXRzdHJhdGVnaWVzLmNvbVwvd3AtY29udGVudFwvdXBsb2Fkc1wvMjAyM1wvMDNcL1RhYXNhLTYucG5nIiwic2xpZGVzaG93IjoiODE4NTkzNiJ9\">\n\t\t\t\t\t<div class=\"e-gallery-image elementor-gallery-item__image\" data-thumbnail=\"https:\/\/www.flexiblefleetstrategies.com\/wp-content\/uploads\/2023\/03\/Taasa-6-300x201.png\" data-width=\"300\" data-height=\"201\" aria-label=\"\" role=\"img\" ><\/div>\n\t\t\t\t\t\t\t\t\t\t\t<div class=\"elementor-gallery-item__overlay\"><\/div>\n\t\t\t\t\t\t\t\t\t\t\t\t\t\t<\/a>\n\t\t\t\t\t\t\t<a class=\"e-gallery-item elementor-gallery-item elementor-animated-content\" href=\"https:\/\/www.flexiblefleetstrategies.com\/wp-content\/uploads\/2023\/03\/Taasa-9.png\" data-elementor-open-lightbox=\"yes\" data-elementor-lightbox-slideshow=\"8185936\" data-elementor-lightbox-title=\"Taasa 9\" data-e-action-hash=\"#elementor-action%3Aaction%3Dlightbox%26settings%3DeyJpZCI6Mjc5LCJ1cmwiOiJodHRwczpcL1wvd3d3LmZsZXhpYmxlZmxlZXRzdHJhdGVnaWVzLmNvbVwvd3AtY29udGVudFwvdXBsb2Fkc1wvMjAyM1wvMDNcL1RhYXNhLTkucG5nIiwic2xpZGVzaG93IjoiODE4NTkzNiJ9\">\n\t\t\t\t\t<div class=\"e-gallery-image elementor-gallery-item__image\" data-thumbnail=\"https:\/\/www.flexiblefleetstrategies.com\/wp-content\/uploads\/2023\/03\/Taasa-9-300x152.png\" data-width=\"300\" data-height=\"152\" aria-label=\"\" role=\"img\" ><\/div>\n\t\t\t\t\t\t\t\t\t\t\t<div class=\"elementor-gallery-item__overlay\"><\/div>\n\t\t\t\t\t\t\t\t\t\t\t\t\t\t<\/a>\n\t\t\t\t\t<\/div>\n\t\t\t\t\t<\/div>\n\t\t\t\t<\/div>\n\t\t\t\t\t<\/div>\n\t\t<\/div>\n\t\t\t\t\t<\/div>\n\t\t<\/section>\n\t\t\t\t<\/div>","protected":false},"excerpt":{"rendered":"<p>Daily Feeding Scheme &#8211; 250 Children Per Day In Montagu, Western Cape<\/p>","protected":false},"author":1,"featured_media":0,"parent":0,"menu_order":0,"comment_status":"closed","ping_status":"closed","template":"elementor_header_footer","meta":{"footnotes":""},"class_list":["post-276","page","type-page","status-publish","hentry"],"_links":{"self":[{"href":"https:\/\/www.flexiblefleetstrategies.com\/pt\/wp-json\/wp\/v2\/pages\/276","targetHints":{"allow":["GET"]}}],"collection":[{"href":"https:\/\/www.flexiblefleetstrategies.com\/pt\/wp-json\/wp\/v2\/pages"}],"about":[{"href":"https:\/\/www.flexiblefleetstrategies.com\/pt\/wp-json\/wp\/v2\/types\/page"}],"author":[{"embeddable":true,"href":"https:\/\/www.flexiblefleetstrategies.com\/pt\/wp-json\/wp\/v2\/users\/1"}],"replies":[{"embeddable":true,"href":"https:\/\/www.flexiblefleetstrategies.com\/pt\/wp-json\/wp\/v2\/comments?post=276"}],"version-history":[{"count":31,"href":"https:\/\/www.flexiblefleetstrategies.com\/pt\/wp-json\/wp\/v2\/pages\/276\/revisions"}],"predecessor-version":[{"id":325,"href":"https:\/\/www.flexiblefleetstrategies.com\/pt\/wp-json\/wp\/v2\/pages\/276\/revisions\/325"}],"wp:attachment":[{"href":"https:\/\/www.flexiblefleetstrategies.com\/pt\/wp-json\/wp\/v2\/media?parent=276"}],"curies":[{"name":"wp","href":"https:\/\/api.w.org\/{rel}","templated":true}]}}