{"id":676,"date":"2024-02-14T13:11:53","date_gmt":"2024-02-14T13:11:53","guid":{"rendered":"https:\/\/www.flexiblefleetstrategies.com\/?page_id=676"},"modified":"2024-02-15T10:08:03","modified_gmt":"2024-02-15T10:08:03","slug":"copy-home-page","status":"publish","type":"page","link":"https:\/\/www.flexiblefleetstrategies.com\/pt\/copy-home-page\/","title":{"rendered":"Copy Home Page"},"content":{"rendered":"<div data-elementor-type=\"wp-page\" data-elementor-id=\"676\" class=\"elementor elementor-676\" data-elementor-post-type=\"page\">\n\t\t\t\t\t\t<section class=\"elementor-section elementor-top-section elementor-element elementor-element-3bdeed5 elementor-section-height-min-height elementor-section-boxed elementor-section-height-default elementor-section-items-middle\" data-id=\"3bdeed5\" data-element_type=\"section\" data-e-type=\"section\" data-settings=\"{&quot;background_background&quot;:&quot;classic&quot;}\">\n\t\t\t\t\t\t<div class=\"elementor-container elementor-column-gap-default\">\n\t\t\t\t\t<div class=\"elementor-column elementor-col-100 elementor-top-column elementor-element elementor-element-0cade8b\" data-id=\"0cade8b\" data-element_type=\"column\" data-e-type=\"column\">\n\t\t\t<div class=\"elementor-widget-wrap elementor-element-populated\">\n\t\t\t\t\t\t<div class=\"elementor-element elementor-element-c17113e elementor-widget elementor-widget-heading\" data-id=\"c17113e\" data-element_type=\"widget\" data-e-type=\"widget\" data-widget_type=\"heading.default\">\n\t\t\t\t<div class=\"elementor-widget-container\">\n\t\t\t\t\t<h1 class=\"elementor-heading-title elementor-size-default\">Fortale\u00e7a Sua Gest\u00e3o de Frota com Solu\u00e7\u00f5es Digitais de \u00daltima Gera\u00e7\u00e3o<\/h1>\t\t\t\t<\/div>\n\t\t\t\t<\/div>\n\t\t\t\t<div class=\"elementor-element elementor-element-2341b5d elementor-widget elementor-widget-heading\" data-id=\"2341b5d\" data-element_type=\"widget\" data-e-type=\"widget\" data-widget_type=\"heading.default\">\n\t\t\t\t<div class=\"elementor-widget-container\">\n\t\t\t\t\t<h5 class=\"elementor-heading-title elementor-size-default\">Inovando Opera\u00e7\u00f5es na \u00c1frica do Sul, Tail\u00e2ndia e Brasil para Efici\u00eancia e Conformidade Incompar\u00e1veis<\/h5>\t\t\t\t<\/div>\n\t\t\t\t<\/div>\n\t\t\t\t<div class=\"elementor-element elementor-element-e808cc1 animated-slow elementor-invisible elementor-widget elementor-widget-button\" data-id=\"e808cc1\" data-element_type=\"widget\" data-e-type=\"widget\" data-settings=\"{&quot;_animation&quot;:&quot;fadeInLeft&quot;}\" data-widget_type=\"button.default\">\n\t\t\t\t<div class=\"elementor-widget-container\">\n\t\t\t\t\t\t\t\t\t<div class=\"elementor-button-wrapper\">\n\t\t\t\t\t<a class=\"elementor-button elementor-button-link elementor-size-sm\" href=\"https:\/\/www.flexiblefleetstrategies.com\/pt\/contact\/\">\n\t\t\t\t\t\t<span class=\"elementor-button-content-wrapper\">\n\t\t\t\t\t\t\t\t\t<span class=\"elementor-button-text\">Explore o Futuro<\/span>\n\t\t\t\t\t<\/span>\n\t\t\t\t\t<\/a>\n\t\t\t\t<\/div>\n\t\t\t\t\t\t\t\t<\/div>\n\t\t\t\t<\/div>\n\t\t\t\t\t<\/div>\n\t\t<\/div>\n\t\t\t\t\t<\/div>\n\t\t<\/section>\n\t\t\t\t<section class=\"elementor-section elementor-top-section elementor-element elementor-element-fec35ef elementor-section-boxed elementor-section-height-default elementor-section-height-default\" data-id=\"fec35ef\" data-element_type=\"section\" data-e-type=\"section\">\n\t\t\t\t\t\t<div class=\"elementor-container elementor-column-gap-default\">\n\t\t\t\t\t<div class=\"elementor-column elementor-col-50 elementor-top-column elementor-element elementor-element-b655784\" data-id=\"b655784\" data-element_type=\"column\" data-e-type=\"column\">\n\t\t\t<div class=\"elementor-widget-wrap elementor-element-populated\">\n\t\t\t\t\t\t<div class=\"elementor-element elementor-element-e88b898 elementor-widget elementor-widget-image\" data-id=\"e88b898\" data-element_type=\"widget\" data-e-type=\"widget\" data-widget_type=\"image.default\">\n\t\t\t\t<div class=\"elementor-widget-container\">\n\t\t\t\t\t\t\t\t\t\t\t\t\t\t\t<img fetchpriority=\"high\" decoding=\"async\" width=\"667\" height=\"1000\" src=\"https:\/\/www.flexiblefleetstrategies.com\/wp-content\/uploads\/2023\/03\/ezgif.com-gif-maker-1.webp\" class=\"attachment-full size-full wp-image-383\" alt=\"\" srcset=\"https:\/\/www.flexiblefleetstrategies.com\/wp-content\/uploads\/2023\/03\/ezgif.com-gif-maker-1.webp 667w, https:\/\/www.flexiblefleetstrategies.com\/wp-content\/uploads\/2023\/03\/ezgif.com-gif-maker-1-200x300.webp 200w\" sizes=\"(max-width: 667px) 100vw, 667px\" \/>\t\t\t\t\t\t\t\t\t\t\t\t\t\t\t<\/div>\n\t\t\t\t<\/div>\n\t\t\t\t\t<\/div>\n\t\t<\/div>\n\t\t\t\t<div class=\"elementor-column elementor-col-50 elementor-top-column elementor-element elementor-element-091a896\" data-id=\"091a896\" data-element_type=\"column\" data-e-type=\"column\">\n\t\t\t<div class=\"elementor-widget-wrap elementor-element-populated\">\n\t\t\t\t\t\t<div class=\"elementor-element elementor-element-6362ab4 elementor-widget elementor-widget-heading\" data-id=\"6362ab4\" data-element_type=\"widget\" data-e-type=\"widget\" data-widget_type=\"heading.default\">\n\t\t\t\t<div class=\"elementor-widget-container\">\n\t\t\t\t\t<h5 class=\"elementor-heading-title elementor-size-default\">Sobre a TaaS Africa<\/h5>\t\t\t\t<\/div>\n\t\t\t\t<\/div>\n\t\t\t\t<div class=\"elementor-element elementor-element-779ebb8 elementor-widget elementor-widget-heading\" data-id=\"779ebb8\" data-element_type=\"widget\" data-e-type=\"widget\" data-widget_type=\"heading.default\">\n\t\t\t\t<div class=\"elementor-widget-container\">\n\t\t\t\t\t<h2 class=\"elementor-heading-title elementor-size-default\">Redefinindo a Gest\u00e3o de Frotas em Escala Global<\/h2>\t\t\t\t<\/div>\n\t\t\t\t<\/div>\n\t\t\t\t<div class=\"elementor-element elementor-element-d281798 elementor-widget elementor-widget-text-editor\" data-id=\"d281798\" data-element_type=\"widget\" data-e-type=\"widget\" data-widget_type=\"text-editor.default\">\n\t\t\t\t<div class=\"elementor-widget-container\">\n\t\t\t\t\t\t\t\t\tA TaaS Africa introduz uma nova era de gest\u00e3o de frotas na \u00c1frica do Sul, Tail\u00e2ndia e Brasil. Nossas solu\u00e7\u00f5es digitais pioneiras, lideradas pelo inovador sistema TIMA, est\u00e3o transformando opera\u00e7\u00f5es de frotas, promovendo sustentabilidade e garantindo padr\u00f5es de conformidade e seguran\u00e7a sem paralelos.\t\t\t\t\t\t\t\t<\/div>\n\t\t\t\t<\/div>\n\t\t\t\t\t<\/div>\n\t\t<\/div>\n\t\t\t\t\t<\/div>\n\t\t<\/section>\n\t\t\t\t<section class=\"elementor-section elementor-top-section elementor-element elementor-element-2654a79 elementor-section-boxed elementor-section-height-default elementor-section-height-default\" data-id=\"2654a79\" data-element_type=\"section\" data-e-type=\"section\" data-settings=\"{&quot;background_background&quot;:&quot;classic&quot;}\">\n\t\t\t\t\t\t<div class=\"elementor-container elementor-column-gap-default\">\n\t\t\t\t\t<div class=\"elementor-column elementor-col-100 elementor-top-column elementor-element elementor-element-7b88de7\" data-id=\"7b88de7\" data-element_type=\"column\" data-e-type=\"column\">\n\t\t\t<div class=\"elementor-widget-wrap elementor-element-populated\">\n\t\t\t\t\t\t<div class=\"elementor-element elementor-element-61f2947 elementor-widget elementor-widget-heading\" data-id=\"61f2947\" data-element_type=\"widget\" data-e-type=\"widget\" data-widget_type=\"heading.default\">\n\t\t\t\t<div class=\"elementor-widget-container\">\n\t\t\t\t\t<h2 class=\"elementor-heading-title elementor-size-default\">Solu\u00e7\u00f5es Abrangentes para Gest\u00e3o Avan\u00e7ada de Frotas<\/h2>\t\t\t\t<\/div>\n\t\t\t\t<\/div>\n\t\t\t\t<section class=\"elementor-section elementor-inner-section elementor-element elementor-element-b383cf5 elementor-section-boxed elementor-section-height-default elementor-section-height-default\" data-id=\"b383cf5\" data-element_type=\"section\" data-e-type=\"section\">\n\t\t\t\t\t\t<div class=\"elementor-container elementor-column-gap-default\">\n\t\t\t\t\t<div class=\"elementor-column elementor-col-25 elementor-inner-column elementor-element elementor-element-4cc80f3\" data-id=\"4cc80f3\" data-element_type=\"column\" data-e-type=\"column\" data-settings=\"{&quot;background_background&quot;:&quot;classic&quot;}\">\n\t\t\t<div class=\"elementor-widget-wrap elementor-element-populated\">\n\t\t\t\t\t\t<div class=\"elementor-element elementor-element-526cfd5 elementor-position-top elementor-widget elementor-widget-image-box\" data-id=\"526cfd5\" data-element_type=\"widget\" data-e-type=\"widget\" data-widget_type=\"image-box.default\">\n\t\t\t\t<div class=\"elementor-widget-container\">\n\t\t\t\t\t<div class=\"elementor-image-box-wrapper\"><figure class=\"elementor-image-box-img\"><img decoding=\"async\" width=\"500\" height=\"399\" src=\"https:\/\/www.flexiblefleetstrategies.com\/wp-content\/uploads\/2024\/02\/Untitleddesign-ezgif.com-png-to-webp-converter-e1707919391352.webp\" class=\"attachment-full size-full wp-image-705\" alt=\"\" srcset=\"https:\/\/www.flexiblefleetstrategies.com\/wp-content\/uploads\/2024\/02\/Untitleddesign-ezgif.com-png-to-webp-converter-e1707919391352.webp 500w, https:\/\/www.flexiblefleetstrategies.com\/wp-content\/uploads\/2024\/02\/Untitleddesign-ezgif.com-png-to-webp-converter-e1707919391352-300x239.webp 300w\" sizes=\"(max-width: 500px) 100vw, 500px\" \/><\/figure><div class=\"elementor-image-box-content\"><h3 class=\"elementor-image-box-title\">Transforma\u00e7\u00e3o Digital na Manuten\u00e7\u00e3o de Frotas<\/h3><p class=\"elementor-image-box-description\">Descubra uma abordagem hol\u00edstica para a manuten\u00e7\u00e3o de frotas que aproveita a inova\u00e7\u00e3o digital para excel\u00eancia operacional.<\/p><\/div><\/div>\t\t\t\t<\/div>\n\t\t\t\t<\/div>\n\t\t\t\t\t<\/div>\n\t\t<\/div>\n\t\t\t\t<div class=\"elementor-column elementor-col-25 elementor-inner-column elementor-element elementor-element-a085157\" data-id=\"a085157\" data-element_type=\"column\" data-e-type=\"column\" data-settings=\"{&quot;background_background&quot;:&quot;classic&quot;}\">\n\t\t\t<div class=\"elementor-widget-wrap elementor-element-populated\">\n\t\t\t\t\t\t<div class=\"elementor-element elementor-element-2b1607b elementor-position-top elementor-widget elementor-widget-image-box\" data-id=\"2b1607b\" data-element_type=\"widget\" data-e-type=\"widget\" data-widget_type=\"image-box.default\">\n\t\t\t\t<div class=\"elementor-widget-container\">\n\t\t\t\t\t<div class=\"elementor-image-box-wrapper\"><figure class=\"elementor-image-box-img\"><img decoding=\"async\" width=\"500\" height=\"399\" src=\"https:\/\/www.flexiblefleetstrategies.com\/wp-content\/uploads\/2024\/02\/Untitleddesign-ezgif.com-png-to-webp-converter-e1707919391352.webp\" class=\"attachment-full size-full wp-image-705\" alt=\"\" srcset=\"https:\/\/www.flexiblefleetstrategies.com\/wp-content\/uploads\/2024\/02\/Untitleddesign-ezgif.com-png-to-webp-converter-e1707919391352.webp 500w, https:\/\/www.flexiblefleetstrategies.com\/wp-content\/uploads\/2024\/02\/Untitleddesign-ezgif.com-png-to-webp-converter-e1707919391352-300x239.webp 300w\" sizes=\"(max-width: 500px) 100vw, 500px\" \/><\/figure><div class=\"elementor-image-box-content\"><h3 class=\"elementor-image-box-title\">TIMA - O Cora\u00e7\u00e3o da Transforma\u00e7\u00e3o Digital<\/h3><p class=\"elementor-image-box-description\">Experimente o poder do TIMA, nosso avan\u00e7ado sistema de fichas de trabalho digital, projetado para fornecer insights em tempo real e manuten\u00e7\u00e3o proativa em toda a sua frota.<\/p><\/div><\/div>\t\t\t\t<\/div>\n\t\t\t\t<\/div>\n\t\t\t\t\t<\/div>\n\t\t<\/div>\n\t\t\t\t<div class=\"elementor-column elementor-col-25 elementor-inner-column elementor-element elementor-element-a6da2a5\" data-id=\"a6da2a5\" data-element_type=\"column\" data-e-type=\"column\" data-settings=\"{&quot;background_background&quot;:&quot;classic&quot;}\">\n\t\t\t<div class=\"elementor-widget-wrap elementor-element-populated\">\n\t\t\t\t\t\t<div class=\"elementor-element elementor-element-a9660c4 elementor-position-top elementor-widget elementor-widget-image-box\" data-id=\"a9660c4\" data-element_type=\"widget\" data-e-type=\"widget\" data-widget_type=\"image-box.default\">\n\t\t\t\t<div class=\"elementor-widget-container\">\n\t\t\t\t\t<div class=\"elementor-image-box-wrapper\"><figure class=\"elementor-image-box-img\"><img decoding=\"async\" width=\"500\" height=\"399\" src=\"https:\/\/www.flexiblefleetstrategies.com\/wp-content\/uploads\/2024\/02\/Untitleddesign-ezgif.com-png-to-webp-converter-e1707919391352.webp\" class=\"attachment-full size-full wp-image-705\" alt=\"\" srcset=\"https:\/\/www.flexiblefleetstrategies.com\/wp-content\/uploads\/2024\/02\/Untitleddesign-ezgif.com-png-to-webp-converter-e1707919391352.webp 500w, https:\/\/www.flexiblefleetstrategies.com\/wp-content\/uploads\/2024\/02\/Untitleddesign-ezgif.com-png-to-webp-converter-e1707919391352-300x239.webp 300w\" sizes=\"(max-width: 500px) 100vw, 500px\" \/><\/figure><div class=\"elementor-image-box-content\"><h3 class=\"elementor-image-box-title\">Trailer &amp; Truck Solutions<\/h3><p class=\"elementor-image-box-description\">Beneficie-se da nossa ampla gama de servi\u00e7os personalizados tanto para reboques quanto para caminh\u00f5es, garantindo total confiabilidade e longevidade da frota.<\/p><\/div><\/div>\t\t\t\t<\/div>\n\t\t\t\t<\/div>\n\t\t\t\t\t<\/div>\n\t\t<\/div>\n\t\t\t\t<div class=\"elementor-column elementor-col-25 elementor-inner-column elementor-element elementor-element-3c5d1d9\" data-id=\"3c5d1d9\" data-element_type=\"column\" data-e-type=\"column\" data-settings=\"{&quot;background_background&quot;:&quot;classic&quot;}\">\n\t\t\t<div class=\"elementor-widget-wrap elementor-element-populated\">\n\t\t\t\t\t\t<div class=\"elementor-element elementor-element-21c190f elementor-position-top elementor-widget elementor-widget-image-box\" data-id=\"21c190f\" data-element_type=\"widget\" data-e-type=\"widget\" data-widget_type=\"image-box.default\">\n\t\t\t\t<div class=\"elementor-widget-container\">\n\t\t\t\t\t<div class=\"elementor-image-box-wrapper\"><figure class=\"elementor-image-box-img\"><img decoding=\"async\" width=\"500\" height=\"399\" src=\"https:\/\/www.flexiblefleetstrategies.com\/wp-content\/uploads\/2024\/02\/Untitleddesign-ezgif.com-png-to-webp-converter-e1707919391352.webp\" class=\"attachment-full size-full wp-image-705\" alt=\"\" srcset=\"https:\/\/www.flexiblefleetstrategies.com\/wp-content\/uploads\/2024\/02\/Untitleddesign-ezgif.com-png-to-webp-converter-e1707919391352.webp 500w, https:\/\/www.flexiblefleetstrategies.com\/wp-content\/uploads\/2024\/02\/Untitleddesign-ezgif.com-png-to-webp-converter-e1707919391352-300x239.webp 300w\" sizes=\"(max-width: 500px) 100vw, 500px\" \/><\/figure><div class=\"elementor-image-box-content\"><h3 class=\"elementor-image-box-title\">Expertise Global, Aplica\u00e7\u00e3o Local<\/h3><p class=\"elementor-image-box-description\">Nossos servi\u00e7os s\u00e3o globalmente informados, mas aplicados localmente, oferecendo solu\u00e7\u00f5es personalizadas para os desafios \u00fanicos de cada mercado que atendemos.<\/p><\/div><\/div>\t\t\t\t<\/div>\n\t\t\t\t<\/div>\n\t\t\t\t\t<\/div>\n\t\t<\/div>\n\t\t\t\t\t<\/div>\n\t\t<\/section>\n\t\t\t\t\t<\/div>\n\t\t<\/div>\n\t\t\t\t\t<\/div>\n\t\t<\/section>\n\t\t\t\t<section class=\"elementor-section elementor-top-section elementor-element elementor-element-2342024 elementor-section-boxed elementor-section-height-default elementor-section-height-default\" data-id=\"2342024\" data-element_type=\"section\" data-e-type=\"section\">\n\t\t\t\t\t\t<div class=\"elementor-container elementor-column-gap-default\">\n\t\t\t\t\t<div class=\"elementor-column elementor-col-50 elementor-top-column elementor-element elementor-element-aedce55\" data-id=\"aedce55\" data-element_type=\"column\" data-e-type=\"column\">\n\t\t\t<div class=\"elementor-widget-wrap elementor-element-populated\">\n\t\t\t\t\t\t<div class=\"elementor-element elementor-element-0b79f70 elementor-widget elementor-widget-spacer\" data-id=\"0b79f70\" data-element_type=\"widget\" data-e-type=\"widget\" data-widget_type=\"spacer.default\">\n\t\t\t\t<div class=\"elementor-widget-container\">\n\t\t\t\t\t\t\t<div class=\"elementor-spacer\">\n\t\t\t<div class=\"elementor-spacer-inner\"><\/div>\n\t\t<\/div>\n\t\t\t\t\t\t<\/div>\n\t\t\t\t<\/div>\n\t\t\t\t\t<\/div>\n\t\t<\/div>\n\t\t\t\t<div class=\"elementor-column elementor-col-50 elementor-top-column elementor-element elementor-element-5a748df\" data-id=\"5a748df\" data-element_type=\"column\" data-e-type=\"column\">\n\t\t\t<div class=\"elementor-widget-wrap elementor-element-populated\">\n\t\t\t\t\t\t<div class=\"elementor-element elementor-element-452badc elementor-widget elementor-widget-heading\" data-id=\"452badc\" data-element_type=\"widget\" data-e-type=\"widget\" data-widget_type=\"heading.default\">\n\t\t\t\t<div class=\"elementor-widget-container\">\n\t\t\t\t\t<h5 class=\"elementor-heading-title elementor-size-default\">Por Que Escolher a TaaS Africa\n<\/h5>\t\t\t\t<\/div>\n\t\t\t\t<\/div>\n\t\t\t\t<div class=\"elementor-element elementor-element-6ec3194 elementor-widget elementor-widget-heading\" data-id=\"6ec3194\" data-element_type=\"widget\" data-e-type=\"widget\" data-widget_type=\"heading.default\">\n\t\t\t\t<div class=\"elementor-widget-container\">\n\t\t\t\t\t<h2 class=\"elementor-heading-title elementor-size-default\">Expertise Global, Solu\u00e7\u00f5es Personalizadas<\/h2>\t\t\t\t<\/div>\n\t\t\t\t<\/div>\n\t\t\t\t<div class=\"elementor-element elementor-element-520a0bd elementor-position-block-start elementor-view-default elementor-mobile-position-block-start elementor-widget elementor-widget-icon-box\" data-id=\"520a0bd\" data-element_type=\"widget\" data-e-type=\"widget\" data-widget_type=\"icon-box.default\">\n\t\t\t\t<div class=\"elementor-widget-container\">\n\t\t\t\t\t\t\t<div class=\"elementor-icon-box-wrapper\">\n\n\t\t\t\t\t\t<div class=\"elementor-icon-box-icon\">\n\t\t\t\t<span  class=\"elementor-icon\">\n\t\t\t\t<i aria-hidden=\"true\" class=\"far fa-star\"><\/i>\t\t\t\t<\/span>\n\t\t\t<\/div>\n\t\t\t\n\t\t\t\t\t\t<div class=\"elementor-icon-box-content\">\n\n\t\t\t\t\t\t\t\t\t<h3 class=\"elementor-icon-box-title\">\n\t\t\t\t\t\t<span  >\n\t\t\t\t\t\t\tInova\u00e7\u00e3o e Efici\u00eancia\t\t\t\t\t\t<\/span>\n\t\t\t\t\t<\/h3>\n\t\t\t\t\n\t\t\t\t\t\t\t\t\t<p class=\"elementor-icon-box-description\">\n\t\t\t\t\t\tAproveite nossas ferramentas digitais de ponta para otimizar suas opera\u00e7\u00f5es de frota e aprimorar os processos de tomada de decis\u00e3o.\t\t\t\t\t<\/p>\n\t\t\t\t\n\t\t\t<\/div>\n\t\t\t\n\t\t<\/div>\n\t\t\t\t\t\t<\/div>\n\t\t\t\t<\/div>\n\t\t\t\t<div class=\"elementor-element elementor-element-521badb elementor-position-block-start elementor-view-default elementor-mobile-position-block-start elementor-widget elementor-widget-icon-box\" data-id=\"521badb\" data-element_type=\"widget\" data-e-type=\"widget\" data-widget_type=\"icon-box.default\">\n\t\t\t\t<div class=\"elementor-widget-container\">\n\t\t\t\t\t\t\t<div class=\"elementor-icon-box-wrapper\">\n\n\t\t\t\t\t\t<div class=\"elementor-icon-box-icon\">\n\t\t\t\t<span  class=\"elementor-icon\">\n\t\t\t\t<i aria-hidden=\"true\" class=\"far fa-star\"><\/i>\t\t\t\t<\/span>\n\t\t\t<\/div>\n\t\t\t\n\t\t\t\t\t\t<div class=\"elementor-icon-box-content\">\n\n\t\t\t\t\t\t\t\t\t<h3 class=\"elementor-icon-box-title\">\n\t\t\t\t\t\t<span  >\n\t\t\t\t\t\t\tSeguran\u00e7a e Conformidade em Primeiro Lugar\t\t\t\t\t\t<\/span>\n\t\t\t\t\t<\/h3>\n\t\t\t\t\n\t\t\t\t\t\t\t\t\t<p class=\"elementor-icon-box-description\">\n\t\t\t\t\t\tNossas solu\u00e7\u00f5es s\u00e3o projetadas com a seguran\u00e7a e conformidade regulat\u00f3ria em seu n\u00facleo, oferecendo tranquilidade e integridade operacional.\t\t\t\t\t<\/p>\n\t\t\t\t\n\t\t\t<\/div>\n\t\t\t\n\t\t<\/div>\n\t\t\t\t\t\t<\/div>\n\t\t\t\t<\/div>\n\t\t\t\t<div class=\"elementor-element elementor-element-1d36a38 elementor-position-block-start elementor-view-default elementor-mobile-position-block-start elementor-widget elementor-widget-icon-box\" data-id=\"1d36a38\" data-element_type=\"widget\" data-e-type=\"widget\" data-widget_type=\"icon-box.default\">\n\t\t\t\t<div class=\"elementor-widget-container\">\n\t\t\t\t\t\t\t<div class=\"elementor-icon-box-wrapper\">\n\n\t\t\t\t\t\t<div class=\"elementor-icon-box-icon\">\n\t\t\t\t<span  class=\"elementor-icon\">\n\t\t\t\t<i aria-hidden=\"true\" class=\"far fa-star\"><\/i>\t\t\t\t<\/span>\n\t\t\t<\/div>\n\t\t\t\n\t\t\t\t\t\t<div class=\"elementor-icon-box-content\">\n\n\t\t\t\t\t\t\t\t\t<h3 class=\"elementor-icon-box-title\">\n\t\t\t\t\t\t<span  >\n\t\t\t\t\t\t\tCompromisso com a Sustentabilidade\t\t\t\t\t\t<\/span>\n\t\t\t\t\t<\/h3>\n\t\t\t\t\n\t\t\t\t\t\t\t\t\t<p class=\"elementor-icon-box-description\">\n\t\t\t\t\t\tEstamos dedicados a reduzir o impacto ambiental, promovendo pr\u00e1ticas sustent\u00e1veis em todas as opera\u00e7\u00f5es de frota.\t\t\t\t\t<\/p>\n\t\t\t\t\n\t\t\t<\/div>\n\t\t\t\n\t\t<\/div>\n\t\t\t\t\t\t<\/div>\n\t\t\t\t<\/div>\n\t\t\t\t\t<\/div>\n\t\t<\/div>\n\t\t\t\t\t<\/div>\n\t\t<\/section>\n\t\t\t\t<\/div>","protected":false},"excerpt":{"rendered":"<p>Empower Your Fleet Management with Cutting-Edge Digital Solutions Innovating Operations in South Africa, Thailand, and Brazil for Unmatched Efficiency and Compliance Explore the Future About TaaS Africa Redefining Fleet Management on a Global Scale TaaS Africa introduces a new era of fleet management across South Africa, Thailand, and Brazil. Our pioneering digital solutions, led by [&hellip;]<\/p>","protected":false},"author":1,"featured_media":0,"parent":0,"menu_order":0,"comment_status":"closed","ping_status":"closed","template":"elementor_header_footer","meta":{"footnotes":""},"class_list":["post-676","page","type-page","status-publish","hentry"],"_links":{"self":[{"href":"https:\/\/www.flexiblefleetstrategies.com\/pt\/wp-json\/wp\/v2\/pages\/676","targetHints":{"allow":["GET"]}}],"collection":[{"href":"https:\/\/www.flexiblefleetstrategies.com\/pt\/wp-json\/wp\/v2\/pages"}],"about":[{"href":"https:\/\/www.flexiblefleetstrategies.com\/pt\/wp-json\/wp\/v2\/types\/page"}],"author":[{"embeddable":true,"href":"https:\/\/www.flexiblefleetstrategies.com\/pt\/wp-json\/wp\/v2\/users\/1"}],"replies":[{"embeddable":true,"href":"https:\/\/www.flexiblefleetstrategies.com\/pt\/wp-json\/wp\/v2\/comments?post=676"}],"version-history":[{"count":31,"href":"https:\/\/www.flexiblefleetstrategies.com\/pt\/wp-json\/wp\/v2\/pages\/676\/revisions"}],"predecessor-version":[{"id":717,"href":"https:\/\/www.flexiblefleetstrategies.com\/pt\/wp-json\/wp\/v2\/pages\/676\/revisions\/717"}],"wp:attachment":[{"href":"https:\/\/www.flexiblefleetstrategies.com\/pt\/wp-json\/wp\/v2\/media?parent=676"}],"curies":[{"name":"wp","href":"https:\/\/api.w.org\/{rel}","templated":true}]}}